{"id":24758,"date":"2025-06-04T10:20:43","date_gmt":"2025-06-04T08:20:43","guid":{"rendered":"https:\/\/fecc.ee\/?page_id=24758"},"modified":"2025-08-08T15:36:32","modified_gmt":"2025-08-08T13:36:32","slug":"registration","status":"publish","type":"page","link":"https:\/\/fecc.ee\/fi\/registration\/","title":{"rendered":"Registration"},"content":{"rendered":"[et_pb_section admin_label=&#8221;section&#8221;]\n\t\t\t[et_pb_row admin_label=&#8221;row&#8221;]\n\t\t\t\t[et_pb_column type=&#8221;4_4&#8243;][et_pb_text admin_label=&#8221;Text&#8221;]    <div class=\"events-plus-2\">\r\n        <div class=\"events-list\">\r\n            \r\n                <div class=\"i8em\" style=\"border-right-color: #123456;\">\r\n                    <div class=\"col-lg-2 col-sm-3 col-xs-4 t7umb\">\r\n                        <a href=\"https:\/\/fecc.ee\/fi\/registration\/?action=evrplusegister&#038;event_id=14\"><img decoding=\"async\" src=\"https:\/\/fecc.ee\/wp-content\/uploads\/2026\/02\/Business-Forum-3-150x150.jpg\" alt=\"Finnish-Estonian Business Forum 08.04.2026\"><\/a>\r\n                                                    <div class=\"sea8s\">\r\n                                Open Seats                                <label style=\"background-color: #123456; color: #FFFFFF;\">80<\/label>\r\n                            <\/div>\r\n                                            <\/div>\r\n                    <div class=\"col-lg-10 col-sm-9 col-xs-8\">\r\n                        <h2 class=\"ti8le\"><a href=\"https:\/\/fecc.ee\/fi\/registration\/?action=evrplusegister&#038;event_id=14\" title=\"Finnish-Estonian Business Forum 08.04.2026\">Finnish-Estonian Business Forum 08.04.2026<\/a><\/h2>\r\n                        <div class=\"me8a\">\r\n                            <span> <i class=\"fa fa-calendar\" aria-hidden=\"true\"><\/i> 8 huhti 2026<\/span>\r\n                            <span> <i class=\"fa fa-clock-o\" aria-hidden=\"true\"><\/i> 13:00  &#8211; 19:30<\/span>\r\n                                                    <\/div>\r\n                        <p class=\"d3sc\">\r\n\r\nWe warmly invite you to an afternoon of insight and collaboration at the Finnish-Estonian Business Forum. Under the theme \u201cBuilding the Future Together&#8230;<\/p>\r\n\r\n                                            <\/div>\r\n                    <div class=\"clearfix\"><\/div>\r\n                <\/div>\r\n            \r\n                <div class=\"i8em\" style=\"border-right-color: #123456;\">\r\n                    <div class=\"col-lg-2 col-sm-3 col-xs-4 t7umb\">\r\n                        <a href=\"https:\/\/fecc.ee\/fi\/registration\/?action=evrplusegister&#038;event_id=16\"><img decoding=\"async\" src=\"https:\/\/fecc.ee\/wp-content\/uploads\/2026\/03\/ChatGPT-Image-Mar-25-2026-01_26_28-PM-150x150.png\" alt=\"FECC Grillijuhla I Grillipidu\"><\/a>\r\n                                                    <div class=\"sea8s\">\r\n                                Open Seats                                <label style=\"background-color: #123456; color: #FFFFFF;\">60<\/label>\r\n                            <\/div>\r\n                                            <\/div>\r\n                    <div class=\"col-lg-10 col-sm-9 col-xs-8\">\r\n                        <h2 class=\"ti8le\"><a href=\"https:\/\/fecc.ee\/fi\/registration\/?action=evrplusegister&#038;event_id=16\" title=\"FECC Grillijuhla I Grillipidu\">FECC Grillijuhla I Grillipidu<\/a><\/h2>\r\n                        <div class=\"me8a\">\r\n                            <span> <i class=\"fa fa-calendar\" aria-hidden=\"true\"><\/i> 12 kes\u00e4 2026 &#8211; 13 kes\u00e4 2026<\/span>\r\n                            <span> <i class=\"fa fa-clock-o\" aria-hidden=\"true\"><\/i> 12:00 <\/span>\r\n                                                    <\/div>\r\n                        <p class=\"d3sc\">TERE HEA FECC-I LIIGE!\r\nTere tulemast osalema FECC-i Grillipeol 2026, mis toimub seekord koost\u00f6\u00f6s P\u00e4rnu Grillfestiga 12-13 juunil 2026\r\n\r\n\u00dcrituse ajaks&#8230;<\/p>\r\n\r\n                                            <\/div>\r\n                    <div class=\"clearfix\"><\/div>\r\n                <\/div>\r\n                    <\/div>\r\n    <\/div>\r\n    \r\n[\/et_pb_text][\/et_pb_column]\n\t\t\t[\/et_pb_row]\n\t\t[\/et_pb_section]","protected":false},"excerpt":{"rendered":"<p>{EVRREGIS}<\/p>","protected":false},"author":2,"featured_media":0,"parent":0,"menu_order":0,"comment_status":"closed","ping_status":"closed","template":"","meta":{"_et_pb_use_builder":"on","_et_pb_old_content":"{EVRREGIS}","_et_gb_content_width":"","footnotes":""},"class_list":["post-24758","page","type-page","status-publish","hentry"],"_links":{"self":[{"href":"https:\/\/fecc.ee\/fi\/wp-json\/wp\/v2\/pages\/24758","targetHints":{"allow":["GET"]}}],"collection":[{"href":"https:\/\/fecc.ee\/fi\/wp-json\/wp\/v2\/pages"}],"about":[{"href":"https:\/\/fecc.ee\/fi\/wp-json\/wp\/v2\/types\/page"}],"author":[{"embeddable":true,"href":"https:\/\/fecc.ee\/fi\/wp-json\/wp\/v2\/users\/2"}],"replies":[{"embeddable":true,"href":"https:\/\/fecc.ee\/fi\/wp-json\/wp\/v2\/comments?post=24758"}],"version-history":[{"count":2,"href":"https:\/\/fecc.ee\/fi\/wp-json\/wp\/v2\/pages\/24758\/revisions"}],"predecessor-version":[{"id":25102,"href":"https:\/\/fecc.ee\/fi\/wp-json\/wp\/v2\/pages\/24758\/revisions\/25102"}],"wp:attachment":[{"href":"https:\/\/fecc.ee\/fi\/wp-json\/wp\/v2\/media?parent=24758"}],"curies":[{"name":"wp","href":"https:\/\/api.w.org\/{rel}","templated":true}]}}