{"id":25020,"date":"2025-07-22T10:13:00","date_gmt":"2025-07-22T08:13:00","guid":{"rendered":"https:\/\/fecc.ee\/?page_id=25020"},"modified":"2026-03-12T19:29:29","modified_gmt":"2026-03-12T17:29:29","slug":"liikmelisuse-eelised","status":"publish","type":"page","link":"https:\/\/fecc.ee\/fi\/liikmelisuse-eelised\/","title":{"rendered":"J\u00e4senyyden edut"},"content":{"rendered":"<p>[et_pb_section fb_built=&#8221;1&#8243; admin_label=&#8221;Hero&#8221; _builder_version=&#8221;4.27.4&#8243; use_background_color_gradient=&#8221;on&#8221; background_color_gradient_stops=&#8221;rgba(0,0,0,0.5) 0%|rgba(0,0,0,0) 100%&#8221; background_color_gradient_overlays_image=&#8221;on&#8221; background_color_gradient_start=&#8221;rgba(0,0,0,0.5)&#8221; background_color_gradient_end=&#8221;rgba(0,0,0,0)&#8221; background_image=&#8221;https:\/\/fecc.ee\/wp-content\/uploads\/2025\/05\/flags-finland-estonia-flagpoles-sides-flags-blue-background-place-text-finnish-helsinki-estonian-3d-illustration-min-scaled-1.jpg&#8221; custom_margin=&#8221;|||&#8221; custom_padding=&#8221;180px||137px|||&#8221; bottom_divider_style=&#8221;slant&#8221; bottom_divider_color=&#8221;#ffffff&#8221; bottom_divider_flip=&#8221;horizontal&#8221; animation_style=&#8221;slide&#8221; animation_direction=&#8221;top&#8221; animation_duration=&#8221;500ms&#8221; animation_intensity_slide=&#8221;5%&#8221; animation_starting_opacity=&#8221;100%&#8221; global_colors_info=&#8221;{}&#8221;][et_pb_row column_structure=&#8221;3_4,1_4&#8243; _builder_version=&#8221;4.27.4&#8243; background_size=&#8221;initial&#8221; background_position=&#8221;top_left&#8221; background_repeat=&#8221;repeat&#8221; custom_padding=&#8221;27px|0px|0px|0px&#8221; global_colors_info=&#8221;{}&#8221;][et_pb_column type=&#8221;3_4&#8243; _builder_version=&#8221;4.27.4&#8243; custom_padding=&#8221;|||&#8221; global_colors_info=&#8221;{}&#8221; custom_padding__hover=&#8221;|||&#8221;][et_pb_text content_tablet=&#8221;<\/p>\n<h1>Liikmelisuse eelised<\/h1>\n<p>&#8221; content_phone=&#8221;<\/p>\n<h2>Liikmelisuse eelised<\/h2>\n<p>&#8221; content_last_edited=&#8221;on|phone&#8221; admin_label=&#8221;Title&#8221; _builder_version=&#8221;4.27.4&#8243; text_font=&#8221;||||||||&#8221; header_font=&#8221;Montserrat|600|||||||&#8221; header_font_size=&#8221;73px&#8221; header_line_height=&#8221;1.2em&#8221; background_layout=&#8221;dark&#8221; animation_style=&#8221;zoom&#8221; animation_direction=&#8221;left&#8221; animation_intensity_zoom=&#8221;10%&#8221; header_font_size_tablet=&#8221;&#8221; header_font_size_phone=&#8221;55px&#8221; header_font_size_last_edited=&#8221;on|phone&#8221; global_colors_info=&#8221;{}&#8221;]<\/p>\n<h1>Liikmelisuse eelised<\/h1>\n<p>[\/et_pb_text][et_pb_divider color=&#8221;rgba(255,255,255,0.7)&#8221; divider_weight=&#8221;3px&#8221; _builder_version=&#8221;4.16&#8243; max_width=&#8221;120px&#8221; animation_style=&#8221;zoom&#8221; animation_direction=&#8221;left&#8221; global_colors_info=&#8221;{}&#8221;][\/et_pb_divider][\/et_pb_column][et_pb_column type=&#8221;1_4&#8243; _builder_version=&#8221;4.16&#8243; custom_padding=&#8221;|||&#8221; global_colors_info=&#8221;{}&#8221; custom_padding__hover=&#8221;|||&#8221;][\/et_pb_column][\/et_pb_row][\/et_pb_section][et_pb_section fb_built=&#8221;1&#8243; _builder_version=&#8221;4.27.4&#8243; _module_preset=&#8221;default&#8221; custom_padding=&#8221;||0px|||&#8221; global_colors_info=&#8221;{}&#8221;][et_pb_row _builder_version=&#8221;4.27.4&#8243; _module_preset=&#8221;default&#8221; global_colors_info=&#8221;{}&#8221;][et_pb_column type=&#8221;4_4&#8243; _builder_version=&#8221;4.27.4&#8243; _module_preset=&#8221;default&#8221; global_colors_info=&#8221;{}&#8221;][et_pb_text _builder_version=&#8221;4.27.4&#8243; _module_preset=&#8221;default&#8221; global_colors_info=&#8221;{}&#8221;]<\/p>\n<p>FECC pakub oma liikmetele mitmek\u00fclgset tuge ja h\u00fcvesid, mille eesm\u00e4rk on edendada nende \u00e4ritegevust ning pakkuda platvormi suhtlemiseks ja uute \u00e4riv\u00f5imaluste leidmiseks. FECCi liikmeks olemine pole mitte ainult investeering organisatsiooni tegevusse, vaid see toob kaasa ka konkreetsed eelised, mis on olulised nii suhete loomise kui ka \u00e4ritegevuse arendamise seisukohast.<\/p>\n<p>Kauppakamari aastane liikmemaks on 650 eurot, mis h\u00f5lmab mitmeid v\u00e4\u00e4rtuslikke eeliseid liikmesfirmadele. Liikmesettev\u00f5tete esindajatele pakutakse tasuta osalust kahele ettev\u00f5tte esindajale k\u00f5igil FECCi ametlikel aastas\u00fcndmustel. Need s\u00fcndmused pakuvad suurep\u00e4raseid v\u00f5imalusi v\u00f5rgustumiseks, avades ukse vabamatele ajaveetmis\u00fcritustele ja koja enda poolt korraldatavatele seminaridele. Lisaks saavad liikmesfirmad omahinnaga lisapileteid neile v\u00e4\u00e4rtuslikele \u00fcritustele.<\/p>\n<p>FECC korraldab ka \u00fcritusi ja seminare koost\u00f6\u00f6s teiste rahvusvaheliste kaubanduskodadega, pakkudes liikmetele v\u00f5imalust laiendada oma kontakte ja tutvuda uute \u00e4rikultuuridega. Liikmeettev\u00f5tete k\u00fclastused on teine ainulaadne eelis, mida FECC pakub 3\u20134 korda aastas, j\u00e4rgides pakkumise ja n\u00f5udluse p\u00f5him\u00f5tteid. Need k\u00fclastused v\u00f5imaldavad praktilisel viisil \u00f5ppida kolleegide parimatest tavatest ja innovatsioonidest.<\/p>\n<p>Lisaks toetab FECC oma liikmete otseturundustegevusi, pakkudes tasuta otseturundusv\u00f5imalust veebilehel asuva \u201cliikmelt liikmele\u201d lehe kaudu. See on suurep\u00e4rane viis j\u00f5uda teiste liikmeettev\u00f5teteni ja tutvustada oma tooteid v\u00f5i teenuseid otse sihtr\u00fchmale. Liikmed saavad ka kampaaniaallahindlusi ja p\u00fcsivaid liikmeeeliseid, mis on seotud FECCi liitunud ettev\u00f5tete toodete ja teenustega, pakkudes liikmesusele olulist lisav\u00e4\u00e4rtust.<\/p>\n<p>Kombineerides need liikmeeelised FECCi laiemate tegevustega, nagu koost\u00f6\u00f6 avaliku ja erasektoriga, v\u00f5rgustike loomise v\u00f5imaluste pakkumine ja uute \u00e4riv\u00f5imaluste edendamine, pakub FECC oma liikmetele tugeva tugiv\u00f5rgustiku. See aitab neil kasvatada ja arendada oma \u00e4ritegevust muutuvas majanduskeskkonnas. FECCi liikmeks olemine on seega oluline investeering, mis toob kaasa nii koheseid kui ka pikemaajalisi eeliseid ettev\u00f5tetele.<\/p>\n<p>[\/et_pb_text][\/et_pb_column][\/et_pb_row][\/et_pb_section][et_pb_section fb_built=&#8221;1&#8243; _builder_version=&#8221;4.27.4&#8243; _module_preset=&#8221;default&#8221; min_height=&#8221;150px&#8221; custom_padding=&#8221;11px||0px|||&#8221; global_colors_info=&#8221;{}&#8221;][et_pb_row _builder_version=&#8221;4.27.4&#8243; _module_preset=&#8221;default&#8221; min_height=&#8221;94px&#8221; global_colors_info=&#8221;{}&#8221;][et_pb_column type=&#8221;4_4&#8243; _builder_version=&#8221;4.27.4&#8243; _module_preset=&#8221;default&#8221; global_colors_info=&#8221;{}&#8221;][et_pb_button button_url=&#8221;https:\/\/fecc.ee\/members\/&#8221; button_text=&#8221;Astu liikmeks juba t\u00e4na&#8221; button_alignment=&#8221;center&#8221; _builder_version=&#8221;4.27.4&#8243; _module_preset=&#8221;default&#8221; button_icon_color=&#8221;#FFFFFF&#8221; background_layout=&#8221;dark&#8221; global_colors_info=&#8221;{}&#8221;][\/et_pb_button][\/et_pb_column][\/et_pb_row][\/et_pb_section][et_pb_section fb_built=&#8221;1&#8243; _builder_version=&#8221;4.27.4&#8243; _module_preset=&#8221;default&#8221; custom_padding=&#8221;0px|||||&#8221; global_colors_info=&#8221;{}&#8221;][et_pb_row _builder_version=&#8221;4.27.4&#8243; _module_preset=&#8221;default&#8221; global_colors_info=&#8221;{}&#8221;][et_pb_column type=&#8221;4_4&#8243; _builder_version=&#8221;4.27.4&#8243; _module_preset=&#8221;default&#8221; global_colors_info=&#8221;{}&#8221;][et_pb_gallery gallery_ids=&#8221;24820,24770,704,24824,24819,702&#8243; fullwidth=&#8221;on&#8221; _builder_version=&#8221;4.27.4&#8243; _module_preset=&#8221;default&#8221; title_font_size=&#8221;1px&#8221; pagination_font_size=&#8221;1px&#8221; global_colors_info=&#8221;{}&#8221;][\/et_pb_gallery][\/et_pb_column][\/et_pb_row][\/et_pb_section]<\/p>\n","protected":false},"excerpt":{"rendered":"<p>Liikmelisuse eelisedFECC pakub oma liikmetele mitmek\u00fclgset tuge ja h\u00fcvesid, mille eesm\u00e4rk on edendada nende \u00e4ritegevust ning pakkuda platvormi suhtlemiseks ja uute \u00e4riv\u00f5imaluste leidmiseks. FECCi liikmeks olemine pole mitte ainult investeering organisatsiooni tegevusse, vaid see toob kaasa ka konkreetsed eelised, mis on olulised nii suhete loomise kui ka \u00e4ritegevuse arendamise seisukohast. Kauppakamari aastane liikmemaks on 650 [&hellip;]<\/p>\n","protected":false},"author":3,"featured_media":0,"parent":0,"menu_order":0,"comment_status":"closed","ping_status":"closed","template":"","meta":{"_et_pb_use_builder":"on","_et_pb_old_content":"","_et_gb_content_width":"","footnotes":""},"class_list":["post-25020","page","type-page","status-publish","hentry"],"_links":{"self":[{"href":"https:\/\/fecc.ee\/fi\/wp-json\/wp\/v2\/pages\/25020","targetHints":{"allow":["GET"]}}],"collection":[{"href":"https:\/\/fecc.ee\/fi\/wp-json\/wp\/v2\/pages"}],"about":[{"href":"https:\/\/fecc.ee\/fi\/wp-json\/wp\/v2\/types\/page"}],"author":[{"embeddable":true,"href":"https:\/\/fecc.ee\/fi\/wp-json\/wp\/v2\/users\/3"}],"replies":[{"embeddable":true,"href":"https:\/\/fecc.ee\/fi\/wp-json\/wp\/v2\/comments?post=25020"}],"version-history":[{"count":10,"href":"https:\/\/fecc.ee\/fi\/wp-json\/wp\/v2\/pages\/25020\/revisions"}],"predecessor-version":[{"id":25438,"href":"https:\/\/fecc.ee\/fi\/wp-json\/wp\/v2\/pages\/25020\/revisions\/25438"}],"wp:attachment":[{"href":"https:\/\/fecc.ee\/fi\/wp-json\/wp\/v2\/media?parent=25020"}],"curies":[{"name":"wp","href":"https:\/\/api.w.org\/{rel}","templated":true}]}}