{"id":481,"date":"2025-05-14T11:39:34","date_gmt":"2025-05-14T09:39:34","guid":{"rendered":"https:\/\/fecc.ee\/?page_id=481"},"modified":"2026-04-20T18:16:33","modified_gmt":"2026-04-20T16:16:33","slug":"members","status":"publish","type":"page","link":"https:\/\/fecc.ee\/fi\/members\/","title":{"rendered":"J\u00c4SENYYS"},"content":{"rendered":"\t\t<div data-elementor-type=\"wp-page\" data-elementor-id=\"481\" class=\"elementor elementor-481\" data-elementor-post-type=\"page\">\n\t\t\t\t\t\t<div class=\"elementor-element elementor-element-8029ca5 e-con e-atomic-element e-flexbox-base padding-0 e-8029ca5-4fd9aff\" data-id=\"8029ca5\" data-element_type=\"e-flexbox\" data-e-type=\"e-flexbox\" data-interaction-id=\"8029ca5\">\n\t\t\t\t\t\t\t<div class=\"elementor-element elementor-element-0yv8cab e-con e-atomic-element e-flexbox-base e-8de1965-3980a32\" data-id=\"0yv8cab\" data-element_type=\"e-flexbox\" data-e-type=\"e-flexbox\" data-interaction-id=\"8de1965\">\n\t\t\t\t\t\t\t\n\t\t<img class=\"e-image-base e-dd60740-02e4c81\" \n\t\t\t\t\tdata-interaction-id=\"dd60740\" \n\t\t \n\t\t \n\t\t\t\t\t\t\t\t\tid=\"25562\"\n\t\t\t\t\t\t\t\t\t\t\t\tsrc=\"https:\/\/fecc.ee\/wp-content\/uploads\/2026\/03\/web22-optimized.jpg\"\n\t\t\t\t\t\t\t\t\t\t\t\twidth=\"2560\"\n\t\t\t\t\t\t\t\t\t\t\t\theight=\"1707\"\n\t\t\t\t\t\t\t\t\t\t\t\tsrcset=\"https:\/\/fecc.ee\/wp-content\/uploads\/2026\/03\/web22-optimized.jpg 2560w, https:\/\/fecc.ee\/wp-content\/uploads\/2026\/03\/web22-optimized-300x200.jpg 300w, https:\/\/fecc.ee\/wp-content\/uploads\/2026\/03\/web22-optimized-1024x683.jpg 1024w, https:\/\/fecc.ee\/wp-content\/uploads\/2026\/03\/web22-optimized-768x512.jpg 768w, https:\/\/fecc.ee\/wp-content\/uploads\/2026\/03\/web22-optimized-1536x1024.jpg 1536w, https:\/\/fecc.ee\/wp-content\/uploads\/2026\/03\/web22-optimized-2048x1366.jpg 2048w, https:\/\/fecc.ee\/wp-content\/uploads\/2026\/03\/web22-optimized-18x12.jpg 18w, https:\/\/fecc.ee\/wp-content\/uploads\/2026\/03\/web22-optimized-500x333.jpg 500w\"\n\t\t\t\t\t\t\t\t\t\t\t\talt=\"\"\n\t\t\t\t\t\t\/>\n\t\t\t\t\t\t<div class=\"e-e6e2b21-a26f132 e-svg-base\" data-interaction-id=\"e6e2b21\"><svg xmlns=\"http:\/\/www.w3.org\/2000\/svg\" fill=\"currentColor\" style=\"width: 100%; height: 100%; overflow: unset;\" viewBox=\"0 0 1000 100\" preserveAspectRatio=\"none\"><path class=\"elementor-shape-fill\" d=\"M0,6V0h1000v100L0,6z\"><\/path><\/svg><\/div>\t\t\t\t<div class=\"elementor-element elementor-element-1jha2j2 e-con e-atomic-element e-div-block-base e-be2b4de-e40676f\" data-id=\"1jha2j2\" data-element_type=\"e-div-block\" data-e-type=\"e-div-block\" data-interaction-id=\"be2b4de\">\n\t\t\t\t<\/div>\n\t\t\t\t<div class=\"elementor-element elementor-element-1a4jir9 e-con e-atomic-element e-div-block-base e-9de6564-0606280 max-width padding-0\" data-id=\"1a4jir9\" data-element_type=\"e-div-block\" data-e-type=\"e-div-block\" data-interaction-id=\"9de6564\">\n\t\t\t\t\t\t\t<h1 \n\t\tdata-interaction-id=\"bb6a6b7\" \n\t\tclass=\"title-size-1 e-heading-base\" \n\t\t \n\t\t\n\t>\n\t\n\t\t\tASTU LIIKMEKS\n\t\t<\/h1>\n\t\t\t\t\t\n<hr class=\"divider-white e-850bc71-45e81af e-divider-base\" data-interaction-id=\"850bc71\"   \/>\n\t\t\t\t<\/div>\n\t\t\t\t<\/div>\n\t\t\n\t\t\t\t<\/div>\n\t\t\t\t<div class=\"elementor-element elementor-element-2b7dfca e-con e-atomic-element e-flexbox-base flex-center narrow-width e-2b7dfca-1ed1269\" data-id=\"2b7dfca\" data-element_type=\"e-flexbox\" data-e-type=\"e-flexbox\" data-interaction-id=\"2b7dfca\">\n\t\t\t\t\t\t\t\t<p class=\"default-text e-7115dd2-86188d8 e-paragraph-base\" data-interaction-id=\"7115dd2\"  >\n\t\t\t\t\t\t\t\tFECC pakub oma liikmetele mitmek\u00fclgset tuge ja h\u00fcvesid, mille eesm\u00e4rk on edendada nende \u00e4ritegevust ning pakkuda platvormi suhtlemiseks ja uute \u00e4riv\u00f5imaluste leidmiseks. FECCi liikmeks olemine pole mitte ainult investeering organisatsiooni tegevusse, vaid see toob kaasa ka konkreetsed eelised, mis on olulised nii suhete loomise kui ka \u00e4ritegevuse arendamise seisukohast.\n\t\t\t\t\t<\/p>\n\t\t\t\t<\/div>\n\t\t\t\t<div class=\"elementor-element elementor-element-9459f36 e-con e-atomic-element e-flexbox-base flex-center narrow-width e-9459f36-e2ad27b section-padding-bottom\" data-id=\"9459f36\" data-element_type=\"e-flexbox\" data-e-type=\"e-flexbox\" data-interaction-id=\"9459f36\">\n\t\t\t\t\t\t\t<div class=\"elementor-element elementor-element-17wnyu9 e-con e-atomic-element e-flexbox-base e-433708d-88a1f0c\" data-id=\"17wnyu9\" data-element_type=\"e-flexbox\" data-e-type=\"e-flexbox\" data-interaction-id=\"433708d\">\n\t\t\t\t\t\t\t<h2 \n\t\tdata-interaction-id=\"5a54066\" \n\t\tclass=\"title-size-2 e-5a54066-0c44e9b e-heading-base\" \n\t\t \n\t\t\n\t>\n\t\n\t\t\tLiikmelisuse eelised\n\t\t<\/h2>\n\t\t\t\t\t\n<hr class=\"e-40402fa-392a922 divider-white e-divider-base\" data-interaction-id=\"40402fa\"   \/>\n\t\t\t\t<\/div>\n\t\t\n\t\t\t\t\t\t\t\t<p class=\"default-text e-8f8d89c-ff7d463 e-paragraph-base\" data-interaction-id=\"8f8d89c\"  >\n\t\t\t\t\t\t\t\tFECC korraldab ka \u00fcritusi ja seminare koost\u00f6\u00f6s teiste rahvusvaheliste kaubanduskodadega, pakkudes liikmetele v\u00f5imalust laiendada oma kontakte ja tutvuda uute \u00e4rikultuuridega. Liikmeettev\u00f5tete k\u00fclastused on teine ainulaadne eelis, mida FECC pakub 3\u20134 korda aastas, j\u00e4rgides pakkumise ja n\u00f5udluse p\u00f5him\u00f5tteid. Need k\u00fclastused v\u00f5imaldavad praktilisel viisil \u00f5ppida kolleegide parimatest tavatest ja innovatsioonidest.<br><br>Lisaks toetab FECC oma liikmete otseturundustegevusi, pakkudes tasuta otseturundusv\u00f5imalust veebilehel asuva \u201cliikmelt liikmele\u201d lehe kaudu. See on suurep\u00e4rane viis j\u00f5uda teiste liikmeettev\u00f5teteni ja tutvustada oma tooteid v\u00f5i teenuseid otse sihtr\u00fchmale. Liikmed saavad ka kampaaniaallahindlusi ja p\u00fcsivaid liikmeeeliseid, mis on seotud FECCi liitunud ettev\u00f5tete toodete ja teenustega, pakkudes liikmesusele olulist lisav\u00e4\u00e4rtust.<br><br>Kombineerides need liikmeeelised FECCi laiemate tegevustega, nagu koost\u00f6\u00f6 avaliku ja erasektoriga, v\u00f5rgustike loomise v\u00f5imaluste pakkumine ja uute \u00e4riv\u00f5imaluste edendamine, pakub FECC oma liikmetele tugeva tugiv\u00f5rgustiku. See aitab neil kasvatada ja arendada oma \u00e4ritegevust muutuvas majanduskeskkonnas. FECCi liikmeks olemine on seega oluline investeering, mis toob kaasa nii koheseid kui ka pikemaajalisi eeliseid ettev\u00f5tetele.\n\t\t\t\t\t<\/p>\n\t\t\t\t<\/div>\n\t\t\t\t<div class=\"elementor-element elementor-element-b05a71b e-con e-atomic-element e-flexbox-base e-b05a71b-3163314 flex-center\" data-id=\"b05a71b\" data-element_type=\"e-flexbox\" data-e-type=\"e-flexbox\" data-interaction-id=\"b05a71b\" id=\"Liitu\">\n\t\t\t\t<div class=\"elementor-element elementor-element-a3f5564 e-con e-atomic-element e-flexbox-base max-width flex-center\" data-id=\"a3f5564\" data-element_type=\"e-flexbox\" data-e-type=\"e-flexbox\" data-interaction-id=\"a3f5564\">\n\t\t\t\t\t\t\t<h2 \n\t\tdata-interaction-id=\"be9cb24\" \n\t\tclass=\"title-size-2 e-be9cb24-d1916aa e-heading-base\" \n\t\t \n\t\t\n\t>\n\t\n\t\t\tAstu liikmeks juba t\u00e4na\n\t\t<\/h2>\n\t\t\t\t<div class=\"elementor-element elementor-element-1a10f93 e-con e-atomic-element e-div-block-base narrow-width\" data-id=\"1a10f93\" data-element_type=\"e-div-block\" data-e-type=\"e-div-block\" data-interaction-id=\"1a10f93\">\n\t\t\t\t<div class=\"elementor-element elementor-element-8737902 elementor-button-align-stretch elementor-widget elementor-widget-form\" data-id=\"8737902\" data-element_type=\"widget\" data-e-type=\"widget\" data-settings=\"{&quot;step_next_label&quot;:&quot;Next&quot;,&quot;step_previous_label&quot;:&quot;Previous&quot;,&quot;button_width&quot;:&quot;100&quot;,&quot;step_type&quot;:&quot;number_text&quot;,&quot;step_icon_shape&quot;:&quot;circle&quot;}\" data-widget_type=\"form.default\">\n\t\t\t\t\t\t\t<form class=\"elementor-form\" method=\"post\" name=\"KONTAKT\" aria-label=\"KONTAKT\" novalidate=\"\">\n\t\t\t<input type=\"hidden\" name=\"post_id\" value=\"481\"\/>\n\t\t\t<input type=\"hidden\" name=\"form_id\" value=\"8737902\"\/>\n\t\t\t<input type=\"hidden\" name=\"referer_title\" value=\"Soome-Eesti Kaubanduskoda\" \/>\n\n\t\t\t\n\t\t\t<div class=\"elementor-form-fields-wrapper elementor-labels-above\">\n\t\t\t\t\t\t\t\t<div class=\"elementor-field-type-text elementor-field-group elementor-column elementor-field-group-Ettevotte_arinimi elementor-col-50 elementor-field-required elementor-mark-required\">\n\t\t\t\t\t\t\t\t\t\t\t\t\t<input size=\"1\" type=\"text\" name=\"form_fields[Ettevotte_arinimi]\" id=\"form-field-Ettevotte_arinimi\" class=\"elementor-field elementor-size-md  elementor-field-textual\" placeholder=\"Ettev\u00f5tte \u00e4rinimi*\" required=\"required\">\n\t\t\t\t\t\t\t\t\t\t\t<\/div>\n\t\t\t\t\t\t\t\t<div class=\"elementor-field-type-text elementor-field-group elementor-column elementor-field-group-Esindaja elementor-col-50 elementor-field-required elementor-mark-required\">\n\t\t\t\t\t\t\t\t\t\t\t\t\t<input size=\"1\" type=\"text\" name=\"form_fields[Esindaja]\" id=\"form-field-Esindaja\" class=\"elementor-field elementor-size-md  elementor-field-textual\" placeholder=\"Esindaja*\" required=\"required\">\n\t\t\t\t\t\t\t\t\t\t\t<\/div>\n\t\t\t\t\t\t\t\t<div class=\"elementor-field-type-text elementor-field-group elementor-column elementor-field-group-Registrikood elementor-col-50\">\n\t\t\t\t\t\t\t\t\t\t\t\t\t<input size=\"1\" type=\"text\" name=\"form_fields[Registrikood]\" id=\"form-field-Registrikood\" class=\"elementor-field elementor-size-md  elementor-field-textual\" placeholder=\"Registrikood*\">\n\t\t\t\t\t\t\t\t\t\t\t<\/div>\n\t\t\t\t\t\t\t\t<div class=\"elementor-field-type-tel elementor-field-group elementor-column elementor-field-group-email elementor-col-50 elementor-field-required elementor-mark-required\">\n\t\t\t\t\t\t\t<input size=\"1\" type=\"tel\" name=\"form_fields[email]\" id=\"form-field-email\" class=\"elementor-field elementor-size-md  elementor-field-textual\" placeholder=\"Telefon*\" required=\"required\" pattern=\"[0-9()#&amp;+*-=.]+\" title=\"Only numbers and phone characters (#, -, *, etc) are accepted.\">\n\n\t\t\t\t\t\t<\/div>\n\t\t\t\t\t\t\t\t<div class=\"elementor-field-type-email elementor-field-group elementor-column elementor-field-group-email elementor-col-50 elementor-field-required elementor-mark-required\">\n\t\t\t\t\t\t\t\t\t\t\t\t\t<input size=\"1\" type=\"email\" name=\"form_fields[email]\" id=\"form-field-email\" class=\"elementor-field elementor-size-md  elementor-field-textual\" placeholder=\"E-mail*\" required=\"required\">\n\t\t\t\t\t\t\t\t\t\t\t<\/div>\n\t\t\t\t\t\t\t\t<div class=\"elementor-field-type-email elementor-field-group elementor-column elementor-field-group-E_post_aadress_kuhu_saata_arveid elementor-col-50 elementor-field-required elementor-mark-required\">\n\t\t\t\t\t\t\t\t\t\t\t\t\t<input size=\"1\" type=\"email\" name=\"form_fields[E_post_aadress_kuhu_saata_arveid]\" id=\"form-field-E_post_aadress_kuhu_saata_arveid\" class=\"elementor-field elementor-size-md  elementor-field-textual\" placeholder=\"E-posti aadress, kuhu saata arved*\" required=\"required\">\n\t\t\t\t\t\t\t\t\t\t\t<\/div>\n\t\t\t\t\t\t\t\t<div class=\"elementor-field-type-text elementor-field-group elementor-column elementor-field-group-Veebileht elementor-col-50 elementor-field-required elementor-mark-required\">\n\t\t\t\t\t\t\t\t\t\t\t\t\t<input size=\"1\" type=\"text\" name=\"form_fields[Veebileht]\" id=\"form-field-Veebileht\" class=\"elementor-field elementor-size-md  elementor-field-textual\" placeholder=\"Veebileht*\" required=\"required\">\n\t\t\t\t\t\t\t\t\t\t\t<\/div>\n\t\t\t\t\t\t\t\t<div class=\"elementor-field-type-text elementor-field-group elementor-column elementor-field-group-Postiaadress elementor-col-50 elementor-field-required elementor-mark-required\">\n\t\t\t\t\t\t\t\t\t\t\t\t\t<input size=\"1\" type=\"text\" name=\"form_fields[Postiaadress]\" id=\"form-field-Postiaadress\" class=\"elementor-field elementor-size-md  elementor-field-textual\" placeholder=\"Postiaadress*\" required=\"required\">\n\t\t\t\t\t\t\t\t\t\t\t<\/div>\n\t\t\t\t\t\t\t\t<div class=\"elementor-field-type-textarea elementor-field-group elementor-column elementor-field-group-Ootused_FECCile elementor-col-100 elementor-field-required elementor-mark-required\">\n\t\t\t\t\t<textarea class=\"elementor-field-textual elementor-field  elementor-size-md\" name=\"form_fields[Ootused_FECCile]\" id=\"form-field-Ootused_FECCile\" rows=\"4\" placeholder=\"Ootused FECCile*\" required=\"required\"><\/textarea>\t\t\t\t<\/div>\n\t\t\t\t\t\t\t\t<div class=\"elementor-field-group elementor-column elementor-field-type-submit elementor-col-100 e-form__buttons\">\n\t\t\t\t\t<button class=\"elementor-button elementor-size-sm\" type=\"submit\">\n\t\t\t\t\t\t<span class=\"elementor-button-content-wrapper\">\n\t\t\t\t\t\t\t\t\t\t\t\t\t\t\t\t\t\t\t\t\t\t<span class=\"elementor-button-text\">ESITA ANDMED<\/span>\n\t\t\t\t\t\t\t\t\t\t\t\t\t<\/span>\n\t\t\t\t\t<\/button>\n\t\t\t\t<\/div>\n\t\t\t<\/div>\n\t\t<\/form>\n\t\t\t\t\t\t<\/div>\n\t\t\t\t<\/div>\n\t\t\t\t<\/div>\n\t\t\t\t<\/div>\n\t\t\t\t<div class=\"elementor-element elementor-element-78e704f e-con e-atomic-element e-flexbox-base e-78e704f-6f69230\" data-id=\"78e704f\" data-element_type=\"e-flexbox\" data-e-type=\"e-flexbox\" data-interaction-id=\"78e704f\">\n\t\t\t\t<\/div>\n\t\t\t\t<\/div>\n\t\t","protected":false},"excerpt":{"rendered":"<p>SOOME-EESTIKAUBANDUSKODA FECC pakub oma liikmetele mitmek\u00fclgset tuge ja h\u00fcvesid, mille eesm\u00e4rk on edendada nende \u00e4ritegevust ning pakkuda platvormi suhtlemiseks ja uute \u00e4riv\u00f5imaluste leidmiseks. FECCi liikmeks olemine pole mitte ainult investeering organisatsiooni tegevusse, vaid see toob kaasa ka konkreetsed eelised, mis on olulised nii suhete loomise kui ka \u00e4ritegevuse arendamise seisukohast. Midagi k\u00f5igile! FECC korraldab ka [&hellip;]<\/p>\n","protected":false},"author":3,"featured_media":0,"parent":0,"menu_order":0,"comment_status":"closed","ping_status":"closed","template":"","meta":{"_acf_changed":false,"footnotes":""},"class_list":["post-481","page","type-page","status-publish","hentry"],"acf":[],"yoast_head":"<!-- This site is optimized with the Yoast SEO plugin v27.4 - https:\/\/yoast.com\/product\/yoast-seo-wordpress\/ -->\n<title>LIIKMED | Soome-Eesti Kaubanduskoda<\/title>\n<meta name=\"robots\" content=\"index, follow, max-snippet:-1, max-image-preview:large, max-video-preview:-1\" \/>\n<link rel=\"canonical\" href=\"https:\/\/fecc.ee\/fi\/members\/\" \/>\n<meta property=\"og:locale\" content=\"fi_FI\" \/>\n<meta property=\"og:type\" content=\"article\" \/>\n<meta property=\"og:title\" content=\"LIIKMED | Soome-Eesti Kaubanduskoda\" \/>\n<meta property=\"og:description\" content=\"SOOME-EESTIKAUBANDUSKODA FECC pakub oma liikmetele mitmek\u00fclgset tuge ja h\u00fcvesid, mille eesm\u00e4rk on edendada nende \u00e4ritegevust ning pakkuda platvormi suhtlemiseks ja uute \u00e4riv\u00f5imaluste leidmiseks. FECCi liikmeks olemine pole mitte ainult investeering organisatsiooni tegevusse, vaid see toob kaasa ka konkreetsed eelised, mis on olulised nii suhete loomise kui ka \u00e4ritegevuse arendamise seisukohast. Midagi k\u00f5igile! FECC korraldab ka [&hellip;]\" \/>\n<meta property=\"og:url\" content=\"https:\/\/fecc.ee\/fi\/members\/\" \/>\n<meta property=\"og:site_name\" content=\"Soome-Eesti Kaubanduskoda\" \/>\n<meta property=\"article:publisher\" content=\"https:\/\/www.facebook.com\/fecc.soomeeesti\/\" \/>\n<meta property=\"article:modified_time\" content=\"2026-04-20T16:16:33+00:00\" \/>\n<meta property=\"og:image\" content=\"https:\/\/fecc.ee\/wp-content\/uploads\/2026\/03\/web22-optimized.jpg\" \/>\n<meta name=\"twitter:card\" content=\"summary_large_image\" \/>\n<meta name=\"twitter:label1\" content=\"Arvioitu lukuaika\" \/>\n\t<meta name=\"twitter:data1\" content=\"1 minuutti\" \/>\n<script type=\"application\/ld+json\" class=\"yoast-schema-graph\">{\"@context\":\"https:\\\/\\\/schema.org\",\"@graph\":[{\"@type\":\"WebPage\",\"@id\":\"https:\\\/\\\/fecc.ee\\\/members\\\/\",\"url\":\"https:\\\/\\\/fecc.ee\\\/members\\\/\",\"name\":\"LIIKMED | Soome-Eesti Kaubanduskoda\",\"isPartOf\":{\"@id\":\"https:\\\/\\\/fecc.ee\\\/#website\"},\"primaryImageOfPage\":{\"@id\":\"https:\\\/\\\/fecc.ee\\\/members\\\/#primaryimage\"},\"image\":{\"@id\":\"https:\\\/\\\/fecc.ee\\\/members\\\/#primaryimage\"},\"thumbnailUrl\":\"https:\\\/\\\/fecc.ee\\\/wp-content\\\/uploads\\\/2026\\\/03\\\/web22-optimized.jpg\",\"datePublished\":\"2025-05-14T09:39:34+00:00\",\"dateModified\":\"2026-04-20T16:16:33+00:00\",\"breadcrumb\":{\"@id\":\"https:\\\/\\\/fecc.ee\\\/members\\\/#breadcrumb\"},\"inLanguage\":\"fi\",\"potentialAction\":[{\"@type\":\"ReadAction\",\"target\":[\"https:\\\/\\\/fecc.ee\\\/members\\\/\"]}]},{\"@type\":\"ImageObject\",\"inLanguage\":\"fi\",\"@id\":\"https:\\\/\\\/fecc.ee\\\/members\\\/#primaryimage\",\"url\":\"https:\\\/\\\/fecc.ee\\\/wp-content\\\/uploads\\\/2026\\\/03\\\/web22-optimized.jpg\",\"contentUrl\":\"https:\\\/\\\/fecc.ee\\\/wp-content\\\/uploads\\\/2026\\\/03\\\/web22-optimized.jpg\"},{\"@type\":\"BreadcrumbList\",\"@id\":\"https:\\\/\\\/fecc.ee\\\/members\\\/#breadcrumb\",\"itemListElement\":[{\"@type\":\"ListItem\",\"position\":1,\"name\":\"Home\",\"item\":\"https:\\\/\\\/fecc.ee\\\/\"},{\"@type\":\"ListItem\",\"position\":2,\"name\":\"LIIKMED\"}]},{\"@type\":\"WebSite\",\"@id\":\"https:\\\/\\\/fecc.ee\\\/#website\",\"url\":\"https:\\\/\\\/fecc.ee\\\/\",\"name\":\"Soome-Eesti Kaubanduskoda\",\"description\":\"Tere tulemast Soome-Eesti kaubanduskoja kodulehek\u00fcljele. Oleme suurim rahvusvaheline kaubanduskoda Eestis.\",\"publisher\":{\"@id\":\"https:\\\/\\\/fecc.ee\\\/#organization\"},\"potentialAction\":[{\"@type\":\"SearchAction\",\"target\":{\"@type\":\"EntryPoint\",\"urlTemplate\":\"https:\\\/\\\/fecc.ee\\\/?s={search_term_string}\"},\"query-input\":{\"@type\":\"PropertyValueSpecification\",\"valueRequired\":true,\"valueName\":\"search_term_string\"}}],\"inLanguage\":\"fi\"},{\"@type\":\"Organization\",\"@id\":\"https:\\\/\\\/fecc.ee\\\/#organization\",\"name\":\"Soome-Eesti Kaubanduskoda\",\"url\":\"https:\\\/\\\/fecc.ee\\\/\",\"logo\":{\"@type\":\"ImageObject\",\"inLanguage\":\"fi\",\"@id\":\"https:\\\/\\\/fecc.ee\\\/#\\\/schema\\\/logo\\\/image\\\/\",\"url\":\"https:\\\/\\\/fecc.ee\\\/wp-content\\\/uploads\\\/2025\\\/06\\\/FECC_Logo-1.png\",\"contentUrl\":\"https:\\\/\\\/fecc.ee\\\/wp-content\\\/uploads\\\/2025\\\/06\\\/FECC_Logo-1.png\",\"width\":944,\"height\":292,\"caption\":\"Soome-Eesti Kaubanduskoda\"},\"image\":{\"@id\":\"https:\\\/\\\/fecc.ee\\\/#\\\/schema\\\/logo\\\/image\\\/\"},\"sameAs\":[\"https:\\\/\\\/www.facebook.com\\\/fecc.soomeeesti\\\/\",\"https:\\\/\\\/www.linkedin.com\\\/company\\\/fecc-finnish-estonian-chamber-of-commerce\\\/\"]}]}<\/script>\n<!-- \/ Yoast SEO plugin. -->","yoast_head_json":{"title":"LIIKMED | Soome-Eesti Kaubanduskoda","robots":{"index":"index","follow":"follow","max-snippet":"max-snippet:-1","max-image-preview":"max-image-preview:large","max-video-preview":"max-video-preview:-1"},"canonical":"https:\/\/fecc.ee\/fi\/members\/","og_locale":"fi_FI","og_type":"article","og_title":"LIIKMED | Soome-Eesti Kaubanduskoda","og_description":"SOOME-EESTIKAUBANDUSKODA FECC pakub oma liikmetele mitmek\u00fclgset tuge ja h\u00fcvesid, mille eesm\u00e4rk on edendada nende \u00e4ritegevust ning pakkuda platvormi suhtlemiseks ja uute \u00e4riv\u00f5imaluste leidmiseks. FECCi liikmeks olemine pole mitte ainult investeering organisatsiooni tegevusse, vaid see toob kaasa ka konkreetsed eelised, mis on olulised nii suhete loomise kui ka \u00e4ritegevuse arendamise seisukohast. Midagi k\u00f5igile! FECC korraldab ka [&hellip;]","og_url":"https:\/\/fecc.ee\/fi\/members\/","og_site_name":"Soome-Eesti Kaubanduskoda","article_publisher":"https:\/\/www.facebook.com\/fecc.soomeeesti\/","article_modified_time":"2026-04-20T16:16:33+00:00","og_image":[{"url":"https:\/\/fecc.ee\/wp-content\/uploads\/2026\/03\/web22-optimized.jpg","type":"","width":"","height":""}],"twitter_card":"summary_large_image","twitter_misc":{"Arvioitu lukuaika":"1 minuutti"},"schema":{"@context":"https:\/\/schema.org","@graph":[{"@type":"WebPage","@id":"https:\/\/fecc.ee\/members\/","url":"https:\/\/fecc.ee\/members\/","name":"LIIKMED | Soome-Eesti Kaubanduskoda","isPartOf":{"@id":"https:\/\/fecc.ee\/#website"},"primaryImageOfPage":{"@id":"https:\/\/fecc.ee\/members\/#primaryimage"},"image":{"@id":"https:\/\/fecc.ee\/members\/#primaryimage"},"thumbnailUrl":"https:\/\/fecc.ee\/wp-content\/uploads\/2026\/03\/web22-optimized.jpg","datePublished":"2025-05-14T09:39:34+00:00","dateModified":"2026-04-20T16:16:33+00:00","breadcrumb":{"@id":"https:\/\/fecc.ee\/members\/#breadcrumb"},"inLanguage":"fi","potentialAction":[{"@type":"ReadAction","target":["https:\/\/fecc.ee\/members\/"]}]},{"@type":"ImageObject","inLanguage":"fi","@id":"https:\/\/fecc.ee\/members\/#primaryimage","url":"https:\/\/fecc.ee\/wp-content\/uploads\/2026\/03\/web22-optimized.jpg","contentUrl":"https:\/\/fecc.ee\/wp-content\/uploads\/2026\/03\/web22-optimized.jpg"},{"@type":"BreadcrumbList","@id":"https:\/\/fecc.ee\/members\/#breadcrumb","itemListElement":[{"@type":"ListItem","position":1,"name":"Home","item":"https:\/\/fecc.ee\/"},{"@type":"ListItem","position":2,"name":"LIIKMED"}]},{"@type":"WebSite","@id":"https:\/\/fecc.ee\/#website","url":"https:\/\/fecc.ee\/","name":"Suomalais-Virolainen Kauppakamari","description":"Tere tulemast Soome-Eesti kaubanduskoja kodulehek\u00fcljele. Oleme suurim rahvusvaheline kaubanduskoda Eestis.","publisher":{"@id":"https:\/\/fecc.ee\/#organization"},"potentialAction":[{"@type":"SearchAction","target":{"@type":"EntryPoint","urlTemplate":"https:\/\/fecc.ee\/?s={search_term_string}"},"query-input":{"@type":"PropertyValueSpecification","valueRequired":true,"valueName":"search_term_string"}}],"inLanguage":"fi"},{"@type":"Organization","@id":"https:\/\/fecc.ee\/#organization","name":"Suomalais-Virolainen Kauppakamari","url":"https:\/\/fecc.ee\/","logo":{"@type":"ImageObject","inLanguage":"fi","@id":"https:\/\/fecc.ee\/#\/schema\/logo\/image\/","url":"https:\/\/fecc.ee\/wp-content\/uploads\/2025\/06\/FECC_Logo-1.png","contentUrl":"https:\/\/fecc.ee\/wp-content\/uploads\/2025\/06\/FECC_Logo-1.png","width":944,"height":292,"caption":"Soome-Eesti Kaubanduskoda"},"image":{"@id":"https:\/\/fecc.ee\/#\/schema\/logo\/image\/"},"sameAs":["https:\/\/www.facebook.com\/fecc.soomeeesti\/","https:\/\/www.linkedin.com\/company\/fecc-finnish-estonian-chamber-of-commerce\/"]}]}},"_links":{"self":[{"href":"https:\/\/fecc.ee\/fi\/wp-json\/wp\/v2\/pages\/481","targetHints":{"allow":["GET"]}}],"collection":[{"href":"https:\/\/fecc.ee\/fi\/wp-json\/wp\/v2\/pages"}],"about":[{"href":"https:\/\/fecc.ee\/fi\/wp-json\/wp\/v2\/types\/page"}],"author":[{"embeddable":true,"href":"https:\/\/fecc.ee\/fi\/wp-json\/wp\/v2\/users\/3"}],"replies":[{"embeddable":true,"href":"https:\/\/fecc.ee\/fi\/wp-json\/wp\/v2\/comments?post=481"}],"version-history":[{"count":59,"href":"https:\/\/fecc.ee\/fi\/wp-json\/wp\/v2\/pages\/481\/revisions"}],"predecessor-version":[{"id":26819,"href":"https:\/\/fecc.ee\/fi\/wp-json\/wp\/v2\/pages\/481\/revisions\/26819"}],"wp:attachment":[{"href":"https:\/\/fecc.ee\/fi\/wp-json\/wp\/v2\/media?parent=481"}],"curies":[{"name":"wp","href":"https:\/\/api.w.org\/{rel}","templated":true}]}}