{"id":642,"date":"2025-05-16T17:44:51","date_gmt":"2025-05-16T15:44:51","guid":{"rendered":"https:\/\/fecc.ee\/?page_id=642"},"modified":"2026-03-27T10:58:10","modified_gmt":"2026-03-27T08:58:10","slug":"juhatus","status":"publish","type":"page","link":"https:\/\/fecc.ee\/fi\/juhatus\/","title":{"rendered":"Hallitus"},"content":{"rendered":"<p>[et_pb_section fb_built=&#8221;1&#8243; admin_label=&#8221;P\u00e4is&#8221; _builder_version=&#8221;4.27.4&#8243; use_background_color_gradient=&#8221;on&#8221; background_color_gradient_stops=&#8221;rgba(0,0,0,0.5) 0%|rgba(0,0,0,0) 100%&#8221; background_color_gradient_overlays_image=&#8221;on&#8221; background_color_gradient_start=&#8221;rgba(0,0,0,0.5)&#8221; background_color_gradient_end=&#8221;rgba(0,0,0,0)&#8221; background_image=&#8221;https:\/\/fecc.ee\/wp-content\/uploads\/2025\/04\/web14.jpg&#8221; custom_margin=&#8221;|||&#8221; custom_padding=&#8221;180px||137px|||&#8221; bottom_divider_style=&#8221;slant&#8221; bottom_divider_color=&#8221;#ffffff&#8221; bottom_divider_flip=&#8221;horizontal&#8221; animation_style=&#8221;slide&#8221; animation_direction=&#8221;top&#8221; animation_duration=&#8221;500ms&#8221; animation_intensity_slide=&#8221;5%&#8221; animation_starting_opacity=&#8221;100%&#8221; locked=&#8221;off&#8221; global_colors_info=&#8221;{}&#8221;][et_pb_row column_structure=&#8221;3_4,1_4&#8243; _builder_version=&#8221;4.27.4&#8243; background_size=&#8221;initial&#8221; background_position=&#8221;top_left&#8221; background_repeat=&#8221;repeat&#8221; custom_padding=&#8221;27px|0px|0px|0px&#8221; global_colors_info=&#8221;{}&#8221;][et_pb_column type=&#8221;3_4&#8243; _builder_version=&#8221;4.16&#8243; custom_padding=&#8221;|||&#8221; global_colors_info=&#8221;{}&#8221; custom_padding__hover=&#8221;|||&#8221;][et_pb_text content_tablet=&#8221;<\/p>\n<h1>JUHATUS<\/h1>\n<p>&#8221; content_phone=&#8221;<\/p>\n<h2>JUHATUS<\/h2>\n<p>&#8221; content_last_edited=&#8221;on|phone&#8221; admin_label=&#8221;Title&#8221; _builder_version=&#8221;4.27.4&#8243; text_font=&#8221;||||||||&#8221; header_font=&#8221;Montserrat|600|||||||&#8221; header_font_size=&#8221;73px&#8221; header_line_height=&#8221;1.2em&#8221; background_layout=&#8221;dark&#8221; custom_margin=&#8221;||||false|false&#8221; animation_style=&#8221;zoom&#8221; animation_direction=&#8221;left&#8221; animation_intensity_zoom=&#8221;10%&#8221; header_font_size_tablet=&#8221;&#8221; header_font_size_phone=&#8221;55px&#8221; header_font_size_last_edited=&#8221;on|phone&#8221; global_colors_info=&#8221;{}&#8221;]<\/p>\n<h1>JUHATUS<\/h1>\n<p>[\/et_pb_text][et_pb_divider color=&#8221;rgba(255,255,255,0.7)&#8221; divider_weight=&#8221;3px&#8221; _builder_version=&#8221;4.27.4&#8243; max_width=&#8221;120px&#8221; animation_style=&#8221;zoom&#8221; animation_direction=&#8221;left&#8221; global_colors_info=&#8221;{}&#8221;][\/et_pb_divider][\/et_pb_column][et_pb_column type=&#8221;1_4&#8243; _builder_version=&#8221;4.16&#8243; custom_padding=&#8221;|||&#8221; global_colors_info=&#8221;{}&#8221; custom_padding__hover=&#8221;|||&#8221;][\/et_pb_column][\/et_pb_row][\/et_pb_section][et_pb_section fb_built=&#8221;1&#8243; admin_label=&#8221;Meeskond&#8221; _builder_version=&#8221;4.27.4&#8243; background_color=&#8221;#FFFFFF&#8221; custom_padding=&#8221;90px||62px|||&#8221; global_colors_info=&#8221;{}&#8221;][et_pb_row _builder_version=&#8221;4.27.4&#8243; custom_padding=&#8221;||10px|&#8221; locked=&#8221;off&#8221; global_colors_info=&#8221;{}&#8221;][et_pb_column type=&#8221;4_4&#8243; _builder_version=&#8221;4.16&#8243; custom_padding=&#8221;|||&#8221; global_colors_info=&#8221;{}&#8221; custom_padding__hover=&#8221;|||&#8221;][et_pb_text admin_label=&#8221;Juhatuse liikmed&#8221; _builder_version=&#8221;4.27.4&#8243; text_font=&#8221;||||||||&#8221; header_font=&#8221;||||||||&#8221; header_2_font=&#8221;Poppins|600|||||||&#8221; header_2_text_align=&#8221;center&#8221; header_2_font_size=&#8221;36px&#8221; header_2_line_height=&#8221;1.4em&#8221; max_width=&#8221;550px&#8221; module_alignment=&#8221;center&#8221; custom_margin=&#8221;||0px||false|false&#8221; custom_padding=&#8221;||||false|false&#8221; animation_style=&#8221;fade&#8221; locked=&#8221;off&#8221; global_colors_info=&#8221;{}&#8221;]<\/p>\n<h2>Juhatuse liikmed 2025-2026<\/h2>\n<p>[\/et_pb_text][et_pb_divider color=&#8221;#0DA0C5&#8243; divider_position=&#8221;center&#8221; divider_weight=&#8221;3px&#8221; _builder_version=&#8221;4.27.4&#8243; max_width=&#8221;50px&#8221; module_alignment=&#8221;center&#8221; custom_margin=&#8221;||||false|false&#8221; custom_padding=&#8221;||||false|false&#8221; animation_style=&#8221;slide&#8221; animation_direction=&#8221;top&#8221; animation_intensity_slide=&#8221;10%&#8221; animation_starting_opacity=&#8221;100%&#8221; locked=&#8221;off&#8221; global_colors_info=&#8221;{}&#8221;][\/et_pb_divider][\/et_pb_column][\/et_pb_row][et_pb_row column_structure=&#8221;1_3,1_3,1_3&#8243; _builder_version=&#8221;4.27.4&#8243; custom_margin=&#8221;30px|||&#8221; custom_padding=&#8221;|||&#8221; global_colors_info=&#8221;{}&#8221;][et_pb_column type=&#8221;1_3&#8243; _builder_version=&#8221;4.16&#8243; custom_padding=&#8221;|||&#8221; global_colors_info=&#8221;{}&#8221; custom_padding__hover=&#8221;|||&#8221;][et_pb_team_member name=&#8221;Esko Aura&#8221; position=&#8221;Juhatuse esimees, Shore Link O\u00dc&#8221; image_url=&#8221;https:\/\/fecc.ee\/wp-content\/uploads\/2025\/05\/Esko-1.jpg&#8221; admin_label=&#8221;Esko Aura&#8221; _builder_version=&#8221;4.27.4&#8243; header_font=&#8221;Poppins|600|||||||&#8221; header_text_align=&#8221;center&#8221; header_font_size=&#8221;24px&#8221; body_font=&#8221;||||||||&#8221; body_font_size=&#8221;18px&#8221; text_orientation=&#8221;center&#8221; width=&#8221;225px&#8221; height=&#8221;500px&#8221; custom_margin=&#8221;||||false|false&#8221; animation_style=&#8221;fade&#8221; module_alignment_last_edited=&#8221;off|desktop&#8221; global_colors_info=&#8221;{}&#8221;]<\/p>\n<p><a href=\"mailto:esko.aura@comatec.ee\">esko.aura@gmail.com<\/a><br \/><span>+372 5670 6120<\/span><\/p>\n<p>[\/et_pb_team_member][et_pb_team_member name=&#8221;Heikki M\u00e4ki&#8221; position=&#8221;Forhills O\u00dc&#8221; image_url=&#8221;https:\/\/fecc.ee\/wp-content\/uploads\/2025\/05\/Heikki.jpg&#8221; admin_label=&#8221;Heikki M\u00e4ki&#8221; _builder_version=&#8221;4.27.4&#8243; header_font=&#8221;Poppins|600|||||||&#8221; header_text_align=&#8221;center&#8221; header_font_size=&#8221;24px&#8221; body_font=&#8221;||||||||&#8221; body_font_size=&#8221;18px&#8221; text_orientation=&#8221;center&#8221; width=&#8221;225px&#8221; height=&#8221;500px&#8221; custom_margin=&#8221;||||false|false&#8221; animation_style=&#8221;fade&#8221; module_alignment_last_edited=&#8221;off|desktop&#8221; global_colors_info=&#8221;{}&#8221;]<\/p>\n<p><span class=\"phone-number-block\"><span class=\"tel cn-phone-number cn-phone-number-type-workphone\"><span class=\"value\">+372 56 806 385<br \/><\/span><\/span><\/span><span class=\"email-address-block\"><span class=\"email cn-email-address\"><span class=\"email-address\"><a class=\"value\" title=\"Forhills O\u00fc\" href=\"mailto:heikki.maki@feba.group\">heikki.maki@feba.group<\/a><\/span><\/span><\/span><\/p>\n<p>[\/et_pb_team_member][et_pb_team_member name=&#8221;T\u00f5nu Koldits&#8221; position=&#8221;Tehomet Baltics O\u00dc&#8221; image_url=&#8221;https:\/\/fecc.ee\/wp-content\/uploads\/2025\/05\/Tonu-225&#215;300.jpg&#8221; admin_label=&#8221;T\u00f5nu Koldits&#8221; _builder_version=&#8221;4.27.4&#8243; header_font=&#8221;Poppins|600|||||||&#8221; header_text_align=&#8221;center&#8221; header_font_size=&#8221;24px&#8221; body_font=&#8221;||||||||&#8221; body_font_size=&#8221;18px&#8221; text_orientation=&#8221;center&#8221; width=&#8221;225px&#8221; height=&#8221;500px&#8221; custom_margin=&#8221;||||false|false&#8221; animation_style=&#8221;fade&#8221; module_alignment_last_edited=&#8221;off|desktop&#8221; global_colors_info=&#8221;{}&#8221;]<\/p>\n<p><a href=\"mailto:tonu.koldits@tehomet.com\">tonu.koldits@tehomet.com<\/a><br \/><span>+372 5393 2835<\/span><\/p>\n<p>[\/et_pb_team_member][et_pb_team_member name=&#8221;V\u00e4ino Reintamm&#8221; position=&#8221;Esecom International O\u00dc&#8221; image_url=&#8221;https:\/\/fecc.ee\/wp-content\/uploads\/2025\/05\/Vaino.jpg&#8221; admin_label=&#8221;V\u00e4ino Reintamm&#8221; _builder_version=&#8221;4.27.4&#8243; header_font=&#8221;Poppins|600|||||||&#8221; header_text_align=&#8221;center&#8221; header_font_size=&#8221;24px&#8221; body_font=&#8221;||||||||&#8221; body_font_size=&#8221;18px&#8221; text_orientation=&#8221;center&#8221; width=&#8221;225px&#8221; height=&#8221;500px&#8221; custom_margin=&#8221;||||false|false&#8221; animation_style=&#8221;fade&#8221; module_alignment_last_edited=&#8221;off|desktop&#8221; global_colors_info=&#8221;{}&#8221;]<\/p>\n<p><a href=\"mailto:vaino.reintamm@esecom.ee\">vaino.reintamm@esecom.ee<\/a><br \/><span>+372 530 33915<\/span><\/p>\n<p>[\/et_pb_team_member][\/et_pb_column][et_pb_column type=&#8221;1_3&#8243; _builder_version=&#8221;4.16&#8243; custom_padding=&#8221;|||&#8221; global_colors_info=&#8221;{}&#8221; custom_padding__hover=&#8221;|||&#8221;][et_pb_team_member name=&#8221;Martin Ilumets&#8221; position=&#8221;Ilumets &#038; Partners O\u00dc&#8221; image_url=&#8221;https:\/\/fecc.ee\/wp-content\/uploads\/2025\/05\/Martin.jpg&#8221; admin_label=&#8221;Martin Ilumets&#8221; _builder_version=&#8221;4.27.4&#8243; header_font=&#8221;Poppins|600|||||||&#8221; header_text_align=&#8221;center&#8221; header_font_size=&#8221;24px&#8221; body_font=&#8221;||||||||&#8221; body_font_size=&#8221;18px&#8221; text_orientation=&#8221;center&#8221; width=&#8221;225px&#8221; height=&#8221;500px&#8221; custom_margin=&#8221;||||false|false&#8221; animation_style=&#8221;fade&#8221; module_alignment_last_edited=&#8221;off|desktop&#8221; locked=&#8221;off&#8221; global_colors_info=&#8221;{}&#8221;]<\/p>\n<p><a href=\"mailto:info@ilumets.ee\">info@ilumets.ee<\/a><br \/><span>+372 510 7907<\/span><\/p>\n<p>[\/et_pb_team_member][et_pb_team_member name=&#8221;Johanna Vironm\u00e4ki&#8221; position=&#8221;Tuokko O\u00dc&#8221; image_url=&#8221;https:\/\/fecc.ee\/wp-content\/uploads\/2025\/05\/Johanna.jpg&#8221; admin_label=&#8221;Johanna Vironm\u00e4ki&#8221; _builder_version=&#8221;4.27.4&#8243; header_font=&#8221;Poppins|600|||||||&#8221; header_text_align=&#8221;center&#8221; header_font_size=&#8221;24px&#8221; body_font=&#8221;||||||||&#8221; body_font_size=&#8221;18px&#8221; text_orientation=&#8221;center&#8221; width=&#8221;225px&#8221; height=&#8221;500px&#8221; custom_margin=&#8221;||||false|false&#8221; animation_style=&#8221;fade&#8221; module_alignment_last_edited=&#8221;off|desktop&#8221; locked=&#8221;off&#8221; global_colors_info=&#8221;{}&#8221;]<\/p>\n<p><a href=\"mailto:johanna@tuokko.ee\">johanna@tuokko.ee<\/a><br \/><span>+372 5625 9035<\/span><\/p>\n<p>[\/et_pb_team_member][et_pb_team_member name=&#8221;Anu Nigul&#8221; position=&#8221;Terveystalo Estonia O\u00dc&#8221; image_url=&#8221;https:\/\/fecc.ee\/wp-content\/uploads\/2025\/05\/Anu-e1755494611770.jpeg&#8221; admin_label=&#8221;Anu Nigul&#8221; _builder_version=&#8221;4.27.4&#8243; header_font=&#8221;Poppins|600|||||||&#8221; header_text_align=&#8221;center&#8221; header_font_size=&#8221;24px&#8221; body_font=&#8221;||||||||&#8221; body_font_size=&#8221;18px&#8221; text_orientation=&#8221;center&#8221; width=&#8221;225px&#8221; height=&#8221;500px&#8221; custom_margin=&#8221;||||false|false&#8221; animation_style=&#8221;fade&#8221; module_alignment_last_edited=&#8221;off|desktop&#8221; locked=&#8221;off&#8221; global_colors_info=&#8221;{}&#8221;]<\/p>\n<p><a href=\"mailto:anu.nigul@terveystalo.com\">anu.nigul@terveystalo.com<\/a><br \/><span>+372 564 4886<\/span><\/p>\n<p>[\/et_pb_team_member][et_pb_team_member name=&#8221;Rauno Kais&#8221; position=&#8221;Zone Media Oy&#8221; image_url=&#8221;https:\/\/fecc.ee\/wp-content\/uploads\/2026\/03\/coming_soon_225x300_v2.png&#8221; admin_label=&#8221;Urmas Kiik&#8221; _builder_version=&#8221;4.27.4&#8243; header_font=&#8221;Poppins|600|||||||&#8221; header_text_align=&#8221;center&#8221; header_font_size=&#8221;24px&#8221; body_font=&#8221;||||||||&#8221; body_font_size=&#8221;18px&#8221; text_orientation=&#8221;center&#8221; width=&#8221;225px&#8221; height=&#8221;500px&#8221; custom_margin=&#8221;||||false|false&#8221; animation_style=&#8221;fade&#8221; hover_enabled=&#8221;0&#8243; module_alignment_last_edited=&#8221;off|desktop&#8221; locked=&#8221;off&#8221; global_colors_info=&#8221;{}&#8221; image_url__hover_enabled=&#8221;on|desktop&#8221; image_url__hover=&#8221;https:\/\/fecc.ee\/wp-content\/uploads\/2025\/05\/Urmas.jpg&#8221; title_text=&#8221;coming_soon_225x300_v2&#8243; sticky_enabled=&#8221;0&#8243;]<\/p>\n<p><a href=\"mailto:rauno@speedzone.fi\">rauno@speedzone.fi<\/a><br \/><span data-olk-copy-source=\"MessageBody\">+372 507 3071<\/span><\/p>\n<p>[\/et_pb_team_member][\/et_pb_column][et_pb_column type=&#8221;1_3&#8243; _builder_version=&#8221;4.16&#8243; custom_padding=&#8221;|||&#8221; global_colors_info=&#8221;{}&#8221; custom_padding__hover=&#8221;|||&#8221;][et_pb_team_member name=&#8221;Ilkka Alarotu&#8221; position=&#8221;Prisma Peremarket As&#8221; image_url=&#8221;https:\/\/fecc.ee\/wp-content\/uploads\/2025\/05\/Ilkka.jpg&#8221; admin_label=&#8221;Ilkka Alarotu&#8221; _builder_version=&#8221;4.27.4&#8243; header_font=&#8221;Poppins|600|||||||&#8221; header_text_align=&#8221;center&#8221; header_font_size=&#8221;24px&#8221; body_font=&#8221;||||||||&#8221; body_font_size=&#8221;18px&#8221; text_orientation=&#8221;center&#8221; width=&#8221;225px&#8221; height=&#8221;500px&#8221; custom_margin=&#8221;||||false|false&#8221; animation_style=&#8221;fade&#8221; module_alignment_last_edited=&#8221;off|desktop&#8221; locked=&#8221;off&#8221; global_colors_info=&#8221;{}&#8221;]<\/p>\n<p><a title=\"mailto:ilkka.alarotu@sok.fi\" href=\"mailto:ilkka.alarotu@sok.fi\" data-linkindex=\"0\" data-olk-copy-source=\"MessageBody\">ilkka.alarotu@sok.fi<\/a><br \/><span data-olk-copy-source=\"MessageBody\">+358 505 665 038<\/span><\/p>\n<p>[\/et_pb_team_member][et_pb_team_member name=&#8221;Mika Sucksdorff&#8221; position=&#8221;Uus Maa Kinnisvarab\u00fcroo O\u00dc&#8221; image_url=&#8221;https:\/\/fecc.ee\/wp-content\/uploads\/2025\/05\/Mika.jpg&#8221; admin_label=&#8221;Mika Sucksdorff&#8221; _builder_version=&#8221;4.27.4&#8243; header_font=&#8221;Poppins|600|||||||&#8221; header_text_align=&#8221;center&#8221; header_font_size=&#8221;24px&#8221; body_font=&#8221;||||||||&#8221; body_font_size=&#8221;18px&#8221; text_orientation=&#8221;center&#8221; width=&#8221;225px&#8221; height=&#8221;500px&#8221; custom_margin=&#8221;||||false|false&#8221; animation_style=&#8221;fade&#8221; module_alignment_last_edited=&#8221;off|desktop&#8221; locked=&#8221;off&#8221; global_colors_info=&#8221;{}&#8221;]<\/p>\n<p><a href=\"mailto:mika@uusmaa.ee\">mika@uusmaa.ee<\/a><br \/><span>+372 5174 206<\/span><\/p>\n<p>[\/et_pb_team_member][et_pb_team_member name=&#8221;Lauri Jukarainen&#8221; position=&#8221;Finesta Baltic O\u00dc&#8221; image_url=&#8221;https:\/\/fecc.ee\/wp-content\/uploads\/2026\/03\/coming_soon_225x300_v2.png&#8221; admin_label=&#8221;Cristian Kalve&#8221; _builder_version=&#8221;4.27.4&#8243; header_font=&#8221;Poppins|600|||||||&#8221; header_text_align=&#8221;center&#8221; header_font_size=&#8221;24px&#8221; body_font=&#8221;||||||||&#8221; body_font_size=&#8221;18px&#8221; text_orientation=&#8221;center&#8221; width=&#8221;225px&#8221; height=&#8221;500px&#8221; custom_margin=&#8221;||||false|false&#8221; animation_style=&#8221;fade&#8221; module_alignment_last_edited=&#8221;off|desktop&#8221; locked=&#8221;off&#8221; global_colors_info=&#8221;{}&#8221;]<\/p>\n<p><a href=\"mailto:lauri.jukarainen@finestaworks.com\">lauri.jukarainen@finestaworks.com<\/a>\u00a0<br \/><span data-olk-copy-source=\"MessageBody\">+372 5596 5227<\/span><\/p>\n<p>[\/et_pb_team_member][\/et_pb_column][\/et_pb_row][et_pb_row _builder_version=&#8221;4.27.4&#8243; _module_preset=&#8221;default&#8221; global_colors_info=&#8221;{}&#8221;][et_pb_column type=&#8221;4_4&#8243; _builder_version=&#8221;4.27.4&#8243; _module_preset=&#8221;default&#8221; global_colors_info=&#8221;{}&#8221;][et_pb_text content_tablet=&#8221;<\/p>\n<h2>Asjatundjaliikmed<\/h2>\n<p>&#8221; content_phone=&#8221;<\/p>\n<h3>Asjatundjaliikmed<\/h3>\n<p>&#8221; content_last_edited=&#8221;on|desktop&#8221; admin_label=&#8221;Asjatundjaliikmed&#8221; _builder_version=&#8221;4.27.4&#8243; text_font=&#8221;||||||||&#8221; header_font=&#8221;||||||||&#8221; header_2_font=&#8221;Poppins|600|||||||&#8221; header_2_text_align=&#8221;center&#8221; header_2_font_size=&#8221;36px&#8221; header_2_line_height=&#8221;1.4em&#8221; max_width=&#8221;550px&#8221; module_alignment=&#8221;center&#8221; custom_margin=&#8221;||0px|25px|false|false&#8221; custom_padding=&#8221;|||100px|false|false&#8221; animation_style=&#8221;fade&#8221; locked=&#8221;off&#8221; global_colors_info=&#8221;{}&#8221;]<\/p>\n<h2>Asjatundjaliikmed<\/h2>\n<p>[\/et_pb_text][et_pb_divider color=&#8221;#0DA0C5&#8243; divider_position=&#8221;center&#8221; divider_weight=&#8221;3px&#8221; _builder_version=&#8221;4.27.4&#8243; max_width=&#8221;50px&#8221; module_alignment=&#8221;center&#8221; custom_margin=&#8221;||20px|&#8221; custom_padding=&#8221;|||100px|false|false&#8221; animation_style=&#8221;slide&#8221; animation_direction=&#8221;top&#8221; animation_intensity_slide=&#8221;10%&#8221; animation_starting_opacity=&#8221;100%&#8221; locked=&#8221;off&#8221; global_colors_info=&#8221;{}&#8221;][\/et_pb_divider][\/et_pb_column][\/et_pb_row][et_pb_row column_structure=&#8221;1_3,1_3,1_3&#8243; _builder_version=&#8221;4.27.4&#8243; _module_preset=&#8221;default&#8221; global_colors_info=&#8221;{}&#8221;][et_pb_column type=&#8221;1_3&#8243; _builder_version=&#8221;4.27.4&#8243; _module_preset=&#8221;default&#8221; global_colors_info=&#8221;{}&#8221;][et_pb_team_member name=&#8221;Pilvi H\u00e4m\u00e4l\u00e4inen&#8221; position=&#8221;Ettev\u00f5tluse Arendamise Sihtasutus&#8221; image_url=&#8221;https:\/\/fecc.ee\/wp-content\/uploads\/2025\/05\/Pilvi.jpg&#8221; admin_label=&#8221;Pilvi H\u00e4m\u00e4l\u00e4inen&#8221; _builder_version=&#8221;4.27.4&#8243; header_font=&#8221;Poppins|600|||||||&#8221; header_text_align=&#8221;center&#8221; header_font_size=&#8221;24px&#8221; body_font=&#8221;||||||||&#8221; body_font_size=&#8221;18px&#8221; text_orientation=&#8221;center&#8221; width=&#8221;225px&#8221; height=&#8221;500px&#8221; custom_margin=&#8221;||||false|false&#8221; animation_style=&#8221;fade&#8221; module_alignment_last_edited=&#8221;off|desktop&#8221; global_colors_info=&#8221;{}&#8221;]<\/p>\n<p><a href=\"mailto:pilvi.hamalainen@eas.ee\">pilvi.hamalainen@eas.ee<\/a><br \/><span>+358 400 903 696<\/span><\/p>\n<p>[\/et_pb_team_member][\/et_pb_column][et_pb_column type=&#8221;1_3&#8243; _builder_version=&#8221;4.27.4&#8243; _module_preset=&#8221;default&#8221; global_colors_info=&#8221;{}&#8221;][et_pb_team_member name=&#8221;Rachel Juudas&#8221; position=&#8221;Soome suursaatkond&#8221; image_url=&#8221;https:\/\/fecc.ee\/wp-content\/uploads\/2025\/08\/Rachel-229&#215;300.jpeg&#8221; admin_label=&#8221;Rachel Juudas&#8221; _builder_version=&#8221;4.27.4&#8243; header_font=&#8221;Poppins|600|||||||&#8221; header_text_align=&#8221;center&#8221; header_font_size=&#8221;24px&#8221; body_font=&#8221;||||||||&#8221; body_font_size=&#8221;18px&#8221; text_orientation=&#8221;center&#8221; width=&#8221;225px&#8221; height=&#8221;500px&#8221; custom_margin=&#8221;||||false|false&#8221; animation_style=&#8221;fade&#8221; module_alignment_last_edited=&#8221;off|desktop&#8221; locked=&#8221;off&#8221; global_colors_info=&#8221;{}&#8221;]<\/p>\n<p><a href=\"mailto:rachel.juudas@gov.fi\">rachel.juudas@gov.fi<\/a><br \/>+372 56 697 258<\/p>\n<p>[\/et_pb_team_member][\/et_pb_column][et_pb_column type=&#8221;1_3&#8243; _builder_version=&#8221;4.27.4&#8243; _module_preset=&#8221;default&#8221; global_colors_info=&#8221;{}&#8221;][\/et_pb_column][\/et_pb_row][et_pb_row _builder_version=&#8221;4.27.4&#8243; _module_preset=&#8221;default&#8221; max_width=&#8221;550px&#8221; module_alignment=&#8221;center&#8221; custom_margin=&#8221;||0px|25px|false|false&#8221; custom_padding=&#8221;|||100px|false|false&#8221; animation_style=&#8221;fade&#8221; global_colors_info=&#8221;{}&#8221;][et_pb_column type=&#8221;4_4&#8243; _builder_version=&#8221;4.27.4&#8243; _module_preset=&#8221;default&#8221; global_colors_info=&#8221;{}&#8221;][et_pb_text content_tablet=&#8221;<\/p>\n<h2 style=%22text-align: center;%22>Kaubanduskoja juhataja<\/h2>\n<p>&#8221; content_phone=&#8221;<\/p>\n<h3 style=%22text-align: center;%22>Kaubanduskoja juhataja<\/h3>\n<p>&#8221; content_last_edited=&#8221;on|phone&#8221; admin_label=&#8221;Kaubanduskoja juhataja&#8221; _builder_version=&#8221;4.27.4&#8243; text_font=&#8221;||||||||&#8221; header_font=&#8221;||||||||&#8221; header_2_font=&#8221;Poppins|600|||||||&#8221; header_2_text_align=&#8221;center&#8221; header_2_font_size=&#8221;36px&#8221; header_2_line_height=&#8221;1.4em&#8221; max_width=&#8221;550px&#8221; module_alignment=&#8221;center&#8221; custom_margin=&#8221;||0px||false|false&#8221; custom_padding=&#8221;||||false|false&#8221; animation_style=&#8221;fade&#8221; locked=&#8221;off&#8221; global_colors_info=&#8221;{}&#8221;]<\/p>\n<h2 style=\"text-align: center;\">Kaubanduskoja juhataja<\/h2>\n<p>[\/et_pb_text][et_pb_divider color=&#8221;#0DA0C5&#8243; divider_position=&#8221;center&#8221; divider_weight=&#8221;3px&#8221; _builder_version=&#8221;4.27.4&#8243; max_width=&#8221;50px&#8221; module_alignment=&#8221;center&#8221; custom_margin=&#8221;||||false|false&#8221; custom_padding=&#8221;||||false|false&#8221; animation_style=&#8221;slide&#8221; animation_direction=&#8221;top&#8221; animation_intensity_slide=&#8221;10%&#8221; animation_starting_opacity=&#8221;100%&#8221; locked=&#8221;off&#8221; global_colors_info=&#8221;{}&#8221;][\/et_pb_divider][\/et_pb_column][\/et_pb_row][et_pb_row column_structure=&#8221;1_3,1_3,1_3&#8243; _builder_version=&#8221;4.27.4&#8243; _module_preset=&#8221;default&#8221; global_colors_info=&#8221;{}&#8221;][et_pb_column type=&#8221;1_3&#8243; _builder_version=&#8221;4.27.4&#8243; _module_preset=&#8221;default&#8221; global_colors_info=&#8221;{}&#8221;][et_pb_team_member name=&#8221;Mira Luukkanen&#8221; image_url=&#8221;https:\/\/fecc.ee\/wp-content\/uploads\/2026\/03\/coming_soon_225x300_v2.png&#8221; admin_label=&#8221;Jasmin&#8221; _builder_version=&#8221;4.27.4&#8243; header_font=&#8221;Poppins|600|||||||&#8221; header_text_align=&#8221;center&#8221; header_font_size=&#8221;24px&#8221; body_font=&#8221;||||||||&#8221; body_font_size=&#8221;18px&#8221; text_orientation=&#8221;center&#8221; width=&#8221;225px&#8221; height=&#8221;500px&#8221; custom_margin=&#8221;||||false|false&#8221; animation_style=&#8221;fade&#8221; module_alignment_last_edited=&#8221;off|desktop&#8221; global_colors_info=&#8221;{}&#8221;]<\/p>\n<p><a href=\"mailto:info@fecc.ee\">info@fecc.ee<\/a><br \/><span>+372 56 255 668<\/span><\/p>\n<p>[\/et_pb_team_member][\/et_pb_column][et_pb_column type=&#8221;1_3&#8243; _builder_version=&#8221;4.27.4&#8243; _module_preset=&#8221;default&#8221; global_colors_info=&#8221;{}&#8221;][\/et_pb_column][et_pb_column type=&#8221;1_3&#8243; _builder_version=&#8221;4.27.4&#8243; _module_preset=&#8221;default&#8221; global_colors_info=&#8221;{}&#8221;][\/et_pb_column][\/et_pb_row][\/et_pb_section]<\/p>\n","protected":false},"excerpt":{"rendered":"<p>JUHATUSJuhatuse liikmed 2025-2026esko.aura@gmail.com+372 5670 6120+372 56 806 385heikki.maki@feba.grouptonu.koldits@tehomet.com+372 5393 2835vaino.reintamm@esecom.ee+372 530 33915info@ilumets.ee+372 510 7907johanna@tuokko.ee+372 5625 9035anu.nigul@terveystalo.com+372 564 4886rauno@speedzone.fi+372 507 3071ilkka.alarotu@sok.fi+358 505 665 038mika@uusmaa.ee+372 5174 206lauri.jukarainen@finestaworks.com\u00a0+372 5596 5227Asjatundjaliikmedpilvi.hamalainen@eas.ee+358 400 903 696rachel.juudas@gov.fi+372 56 697 258Kaubanduskoja juhatajainfo@fecc.ee+372 56 255 668<\/p>","protected":false},"author":3,"featured_media":0,"parent":0,"menu_order":0,"comment_status":"closed","ping_status":"closed","template":"","meta":{"_et_pb_use_builder":"on","_et_pb_old_content":"","_et_gb_content_width":"","footnotes":""},"class_list":["post-642","page","type-page","status-publish","hentry"],"_links":{"self":[{"href":"https:\/\/fecc.ee\/fi\/wp-json\/wp\/v2\/pages\/642","targetHints":{"allow":["GET"]}}],"collection":[{"href":"https:\/\/fecc.ee\/fi\/wp-json\/wp\/v2\/pages"}],"about":[{"href":"https:\/\/fecc.ee\/fi\/wp-json\/wp\/v2\/types\/page"}],"author":[{"embeddable":true,"href":"https:\/\/fecc.ee\/fi\/wp-json\/wp\/v2\/users\/3"}],"replies":[{"embeddable":true,"href":"https:\/\/fecc.ee\/fi\/wp-json\/wp\/v2\/comments?post=642"}],"version-history":[{"count":53,"href":"https:\/\/fecc.ee\/fi\/wp-json\/wp\/v2\/pages\/642\/revisions"}],"predecessor-version":[{"id":25454,"href":"https:\/\/fecc.ee\/fi\/wp-json\/wp\/v2\/pages\/642\/revisions\/25454"}],"wp:attachment":[{"href":"https:\/\/fecc.ee\/fi\/wp-json\/wp\/v2\/media?parent=642"}],"curies":[{"name":"wp","href":"https:\/\/api.w.org\/{rel}","templated":true}]}}