{"id":719,"date":"2025-05-20T13:29:01","date_gmt":"2025-05-20T11:29:01","guid":{"rendered":"https:\/\/fecc.ee\/?page_id=719"},"modified":"2025-08-03T09:49:47","modified_gmt":"2025-08-03T07:49:47","slug":"ajalugu","status":"publish","type":"page","link":"https:\/\/fecc.ee\/fi\/ajalugu\/","title":{"rendered":"Historia"},"content":{"rendered":"\n[et_pb_section fb_built=&#8221;1&#8243; admin_label=&#8221;Hero&#8221; _builder_version=&#8221;4.27.4&#8243; use_background_color_gradient=&#8221;on&#8221; background_color_gradient_stops=&#8221;rgba(0,0,0,0.5) 0%|rgba(0,0,0,0) 100%&#8221; background_color_gradient_overlays_image=&#8221;on&#8221; background_color_gradient_start=&#8221;rgba(0,0,0,0.5)&#8221; background_color_gradient_end=&#8221;rgba(0,0,0,0)&#8221; background_image=&#8221;https:\/\/fecc.ee\/wp-content\/uploads\/2025\/05\/flags-finland-estonia-flagpoles-sides-flags-blue-background-place-text-finnish-helsinki-estonian-3d-illustration-min-scaled-1.jpg&#8221; custom_margin=&#8221;|||&#8221; custom_padding=&#8221;180px||137px|||&#8221; bottom_divider_style=&#8221;slant&#8221; bottom_divider_color=&#8221;#ffffff&#8221; bottom_divider_flip=&#8221;horizontal&#8221; animation_style=&#8221;slide&#8221; animation_direction=&#8221;top&#8221; animation_duration=&#8221;500ms&#8221; animation_intensity_slide=&#8221;5%&#8221; animation_starting_opacity=&#8221;100%&#8221; global_colors_info=&#8221;{}&#8221;][et_pb_row column_structure=&#8221;3_4,1_4&#8243; _builder_version=&#8221;4.16&#8243; background_size=&#8221;initial&#8221; background_position=&#8221;top_left&#8221; background_repeat=&#8221;repeat&#8221; custom_padding=&#8221;27px|0px|0px|0px&#8221; global_colors_info=&#8221;{}&#8221;][et_pb_column type=&#8221;3_4&#8243; _builder_version=&#8221;4.16&#8243; custom_padding=&#8221;|||&#8221; global_colors_info=&#8221;{}&#8221; custom_padding__hover=&#8221;|||&#8221;][et_pb_text content_tablet=&#8221;<h1>AJALUGU<\/h1>&#8221; content_phone=&#8221;<h1>AJALUGU<\/h1>&#8221; content_last_edited=&#8221;on|phone&#8221; admin_label=&#8221;Title&#8221; _builder_version=&#8221;4.27.4&#8243; text_font=&#8221;||||||||&#8221; header_font=&#8221;Montserrat|600|||||||&#8221; header_font_size=&#8221;73px&#8221; header_line_height=&#8221;1.2em&#8221; background_layout=&#8221;dark&#8221; animation_style=&#8221;zoom&#8221; animation_direction=&#8221;left&#8221; animation_intensity_zoom=&#8221;10%&#8221; header_font_size_tablet=&#8221;&#8221; header_font_size_phone=&#8221;55px&#8221; header_font_size_last_edited=&#8221;on|phone&#8221; global_colors_info=&#8221;{}&#8221;]<h1>AJALUGU<\/h1>[\/et_pb_text][et_pb_divider color=&#8221;rgba(255,255,255,0.7)&#8221; divider_weight=&#8221;3px&#8221; _builder_version=&#8221;4.16&#8243; max_width=&#8221;120px&#8221; animation_style=&#8221;zoom&#8221; animation_direction=&#8221;left&#8221; global_colors_info=&#8221;{}&#8221;][\/et_pb_divider][\/et_pb_column][et_pb_column type=&#8221;1_4&#8243; _builder_version=&#8221;4.16&#8243; custom_padding=&#8221;|||&#8221; global_colors_info=&#8221;{}&#8221; custom_padding__hover=&#8221;|||&#8221;][\/et_pb_column][\/et_pb_row][\/et_pb_section][et_pb_section fb_built=&#8221;1&#8243; _builder_version=&#8221;4.27.4&#8243; _module_preset=&#8221;default&#8221; global_colors_info=&#8221;{}&#8221;][et_pb_row _builder_version=&#8221;4.27.4&#8243; _module_preset=&#8221;default&#8221; global_colors_info=&#8221;{}&#8221;][et_pb_column type=&#8221;4_4&#8243; _builder_version=&#8221;4.27.4&#8243; _module_preset=&#8221;default&#8221; global_colors_info=&#8221;{}&#8221;][tmdivi_timeline timeline_color=&#8221;#8F8F8F&#8221; icon_background_color=&#8221;#FFFFFF&#8221; label_font_color=&#8221;#0DA0C5&#8243; heading_font_color=&#8221;#0DA0C5&#8243; _builder_version=&#8221;4.27.4&#8243; _module_preset=&#8221;default&#8221; global_colors_info=&#8221;{}&#8221;][tmdivi_timeline_story label_date=&#8221;1992&#8243; story_title=&#8221;ESLY asutamine&#8221; _builder_version=&#8221;4.27.4&#8243; _module_preset=&#8221;default&#8221; global_colors_info=&#8221;{}&#8221;]<p><span>Soome-Eesti Kaubanduskoda ehk FECC kandis kuni 2007 a. kevadeni nime Eesti-Soome \u00c4rijuhtide \u00dching (Eestil\u00e4is-Suomalainen Liikkeenjohdon Yhdistys \u2013 ESLY). ESLY ajalugu ulatub 1992.a. l\u00f5ppu, mil r\u00fchm Eesti taasiseseisvuse alguses siia saabunud Soome ettev\u00f5tjaid ja juhte asutasid\u00a0<\/span><strong>Reima Teerikangase<\/strong><span>\u00a0eestvedamisel v\u00e4ikese vestlusringi.<\/span><\/p>[\/tmdivi_timeline_story][tmdivi_timeline_story label_date=&#8221;1994 &#8211; 1995&#8243; story_title=&#8221;ESLY varajane areng&#8221; _builder_version=&#8221;4.27.4&#8243; _module_preset=&#8221;default&#8221; global_colors_info=&#8221;{}&#8221;]<p><span>Tasapisi v\u00f5ttis klubiline tegevus kindlamaid jooni: vestlusringides hakati k\u00e4sitlema teemasid nagu \u00e4ri\u00fchingute juriidilised muudatused ning palkade, kuritegevuse- ja sisejulgeoleku areng Eestis. Osalejate arv hakkas kasvama, aastatel 1994-1995 \u00fchinesid vestlusr\u00fchmaga esimesed eestlastest \u00e4rimehed. Selleks ajaks oli r\u00fchmitus v\u00f5tnud endale juba \u00fchingu vormi ning nime ESLY. 1996. aasta kevadeks sai selgeks, et liikmete arvu samas tempos kasvades oleks m\u00f5istlik koguda liikmetasu.<\/span><\/p>[\/tmdivi_timeline_story][tmdivi_timeline_story label_date=&#8221;1996&#8243; story_title=&#8221;Uus \u00c4riseadustik&#8221; _builder_version=&#8221;4.27.4&#8243; _module_preset=&#8221;default&#8221; global_colors_info=&#8221;{}&#8221;]<p><span>1. oktoobril 1996 hakkas Eestis kehtima uus \u00c4riseadustik. ESLY oli kas p\u00e4ris esimene v\u00f5i v\u00e4hemalt \u00fcks esimestest mittetulundus\u00fchingutest, mis uue \u00c4riseadustiku alusel registrisse kanti.\u00a0Vajalikud dokumendid viidi registripidajale kohe seaduse kehtima hakkamise p\u00e4eva hommikul. Teade taotluse heakskiitmise kohta saabus 31.10.1996 ning \u00dchingu ametlikku algust t\u00e4histati Viru hotellis 5.novembril 1996 pressikonverentsi ja peoga.<\/span><\/p>[\/tmdivi_timeline_story][tmdivi_timeline_story label_date=&#8221;1998 &#8211; 2000&#8243; story_title=&#8221;ESLY logo&#8221; _builder_version=&#8221;4.27.4&#8243; _module_preset=&#8221;default&#8221; global_colors_info=&#8221;{}&#8221;]<p><span>P\u00f5hjamaade \u00fchingute koost\u00f6\u00f6 sai alguse\u00a01998. aasta s\u00fcgisel peetud P\u00f5hjamaade kokteili\u00f5htul, kus peaesinejaks oli h\u00e4rra Toomas Hendrik Ilves. Aasta p\u00e4rast peeti P\u00f5hjamaade \u00fchine j\u00f5ulupidu, kus esines taas, siis juba v\u00e4lisministriks valitud Toomas Hendrik Ilves.\u00a01998.\u00a0aastal v\u00f5eti kasutusele kunstnik Antti Haloneni disainitud ESLY logo. \u00dchingu esimene kodulehek\u00fclg internetis avati\u00a02000.\u00a0aasta l\u00f5pus.<\/span><\/p>[\/tmdivi_timeline_story][tmdivi_timeline_story label_date=&#8221;2000&#8243; story_title=&#8221;IBCE asutamine&#8221; _builder_version=&#8221;4.27.4&#8243; _module_preset=&#8221;default&#8221; global_colors_info=&#8221;{}&#8221;]<p><span>Aastal 2000 rajati\u00a0koost\u00f6\u00f6s teiste rahvusvaheliste \u00fchingutega\u00a0IBCE (International Business Council of Estonia). Algatus sellise rahvusvahelise liidu loomiseks tuli ESLY poolt korraldatud rahvusvaheliste \u00fchingute juhtide ja sekret\u00e4ride kohtumiselt. IBCE-d olid lisaks ESLYle asutamas ka Saksa, Austria, Kanada, Rootsi ja Prantsusmaa \u00e4riklubid ning Eesti V\u00e4lisinvesteeringute Agentuur.<\/span><\/p>[\/tmdivi_timeline_story][tmdivi_timeline_story label_date=&#8221;2001 &#8211; 2005&#8243; story_title=&#8221;ESLY kasv&#8221; _builder_version=&#8221;4.27.4&#8243; _module_preset=&#8221;default&#8221; global_colors_info=&#8221;{}&#8221;]<p><span>IBCE t\u00e4htsus ja tegevus v\u00e4henes aastal 2005 Eesti kiire majanduskasvu t\u00f5ttu. ESLY keskendus taas Soome ja Eesti vaheliste ettev\u00f5tlussidemete tugevdamisele. 90-ndate aastate l\u00f5pu ja 2000. aasta alguse vahelisel ajal kuulus \u00fchingu liikmete hulka 80-90 ettev\u00f5tet.<\/span><\/p>[\/tmdivi_timeline_story][tmdivi_timeline_story label_date=&#8221;2006&#8243; story_title=&#8221;Juubel&#8221; _builder_version=&#8221;4.27.4&#8243; _module_preset=&#8221;default&#8221; global_colors_info=&#8221;{}&#8221;]<p><strong>ESLY k\u00fcmnendat aastap\u00e4eva t\u00e4histati 1.12.2006\u00a0<\/strong><span>suurep\u00e4rase gaala\u00f5htus\u00f6\u00f6giga. Juubeli aastal t\u00f5usis ka liikmete arv j\u00e4rsult 115-ni, kasv j\u00e4tkus ka j\u00e4rgnevatel aastatel 120-130 ettev\u00f5tteni.<\/span><\/p>[\/tmdivi_timeline_story][tmdivi_timeline_story label_date=&#8221;2007&#8243; story_title=&#8221;FECCi s\u00fcnd&#8221; _builder_version=&#8221;4.27.4&#8243; _module_preset=&#8221;default&#8221; global_colors_info=&#8221;{}&#8221;]<p><span>2007. aasta kevadel\u00a0muutis ESLY nime ja tegevusprofiili, et olla rohkem koosk\u00f5las rahvusvaheliste kaubanduskodade tegevusega ja nii\u00a0s\u00fcndis\u00a0<\/span><strong>FECC<\/strong><span>. Juba j\u00e4rgmisel s\u00fcgisel asutas FECC koos kaheksa teise riigi kaubanduskodadega\u00a0FICE ehk Foreign Investors\u2019 Council in Estonia, mis esitas esimese sammuna Eesti valitsusele ettepaneku nelja-aastase meetmeprogrammi majanduskasvu ja t\u00f6\u00f6h\u00f5ive parandamiseks.<\/span><\/p>[\/tmdivi_timeline_story][tmdivi_timeline_story label_date=&#8221;2011 &#8211; 2012&#8243; story_title=&#8221;FECCi kasv&#8221; _builder_version=&#8221;4.27.4&#8243; _module_preset=&#8221;default&#8221; global_colors_info=&#8221;{}&#8221;]<p><span>2011. aasta t\u00f5i FECC-ile\u00a0uusi juhtkonna liikmeid ja muutuseid arengusuundades. Arenetakse pidevalt selle nimel, et suures osas vabatahtlikkuse alusel toimiv \u00fching v\u00f5iks teenindada nii olemasolevaid kui ka uusi liikmeid \u00fcha paremini, korraldades sisutihedat programmi. FECC osaleb ka Soome ettev\u00f5tteid \u00fchendavas koost\u00f6\u00f6v\u00f5rgustikus\u00a0FinnCham.\u00a0Alates septembrist 2012 kuulub FECC ametlikku\u00a0Team Finland\u00a0v\u00f5rgustikku Eestis.<\/span><\/p>[\/tmdivi_timeline_story][\/tmdivi_timeline][\/et_pb_column][\/et_pb_row][\/et_pb_section][et_pb_section fb_built=&#8221;1&#8243; _builder_version=&#8221;4.27.4&#8243; _module_preset=&#8221;default&#8221; hover_enabled=&#8221;0&#8243; global_colors_info=&#8221;{}&#8221; sticky_enabled=&#8221;0&#8243;][et_pb_row _builder_version=&#8221;4.27.4&#8243; _module_preset=&#8221;default&#8221; column_structure=&#8221;1_2,1_2&#8243;][et_pb_column _builder_version=&#8221;4.27.4&#8243; _module_preset=&#8221;default&#8221; type=&#8221;1_2&#8243;][et_pb_text _builder_version=&#8221;4.27.4&#8243; _module_preset=&#8221;default&#8221; hover_enabled=&#8221;0&#8243; global_colors_info=&#8221;{}&#8221; sticky_enabled=&#8221;0&#8243;]<div id=\"ultimate-heading-9338682c694662b4c\" class=\"uvc-heading ult-adjust-bottom-margin ultimate-heading-9338682c694662b4c uvc-3620 \" data-hspacer=\"no_spacer\" data-halign=\"left\">\n<div class=\"uvc-main-heading ult-responsive\" data-ultimate-target=\".uvc-heading.ultimate-heading-9338682c694662b4c h3\" data-responsive-json-new=\"{&quot;font-size&quot;:&quot;&quot;,&quot;line-height&quot;:&quot;&quot;}\">\n<h3>ESLY ASUTAJALIIKMED 1996<\/h3>\n<\/div>\n<\/div>\n<ul>\n<li>Reima Teerikangas (AGA)<\/li>\n<li>Aku Sorainen (Advokaadib\u00fcroo Sorainen)<\/li>\n<li>Toomas Abner (Kindlustusselts Seesam)<\/li>\n<li>Timo Jokinen (Paulig)<\/li>\n<li>Juha Pekka Purovesi (KPMG); ja<\/li>\n<li>Ilmar Petersen (Elcoteq)<\/li>\n<\/ul>[\/et_pb_text][\/et_pb_column][et_pb_column _builder_version=&#8221;4.27.4&#8243; _module_preset=&#8221;default&#8221; type=&#8221;1_2&#8243;][et_pb_text _builder_version=&#8221;4.27.4&#8243; _module_preset=&#8221;default&#8221; hover_enabled=&#8221;0&#8243; global_colors_info=&#8221;{}&#8221; sticky_enabled=&#8221;0&#8243;]<div id=\"ultimate-heading-9338682c694662b4c\" class=\"uvc-heading ult-adjust-bottom-margin ultimate-heading-9338682c694662b4c uvc-3620 \" data-hspacer=\"no_spacer\" data-halign=\"left\">\n<div class=\"uvc-main-heading ult-responsive\" data-ultimate-target=\".uvc-heading.ultimate-heading-9338682c694662b4c h3\" data-responsive-json-new=\"{&quot;font-size&quot;:&quot;&quot;,&quot;line-height&quot;:&quot;&quot;}\">\n<h3>FECCi juhatuse esimehed<\/h3>\n<\/div>\n<\/div>\n<ul>\n<li>1996 Reima Teerikangas<\/li>\n<li>1996-2000 Bo Henriksson<\/li>\n<li>2000-2002 Ants Promann<\/li>\n<li>2002-2005 Arttu Laine<\/li>\n<li>2005-2007 Markus Nisula<\/li>\n<li>2007-2011 Pasi Harttunen<\/li>\n<li>2011-2012 Heikki M\u00e4ki<\/li>\n<li>2012-2017 Sami Sepp\u00e4nen<\/li>\n<li>2017-2021 Mika Sucksdorff<\/li>\n<li>2021-2024 Sari Sopanen<\/li>\n<li>2024 Timo Majuri<\/li>\n<li>2024 &#8211; Esko Aura<\/li>\n<\/ul>[\/et_pb_text][\/et_pb_column][\/et_pb_row][\/et_pb_section]\n","protected":false},"excerpt":{"rendered":"<p>HISTORIA<div class=\"et_pb_module tmdivi_timeline tmdivi_timeline_0\">\n\t\t\t\t\n\t\t\t\t\n\t\t\t\t\n\t\t\t\t\n\t\t\t\t\n\t\t\t\t\n\t\t\t\t<div class=\"et_pb_module_inner\">\n\t\t\t\t\t\n\t\t\t\t<\/div>\n\t\t\t<\/div><div class=\"et_pb_module tmdivi_timeline_story tmdivi_timeline_story_0\">\n\t\t\t\t\n\t\t\t\t\n\t\t\t\t\n\t\t\t\t\n\t\t\t\t\n\t\t\t\t\n\t\t\t\t<div class=\"et_pb_module_inner\">\n\t\t\t\t\t<div class=\"tmdivi-story tmdivi-story-icon tmdivi-story-right\">\n                        <div class=\"tmdivi-labels\"><div class=\"tmdivi-label-big\">1992<\/div><\/div><div class=\"tmdivi-icondot\"><\/div>\n                        <div class=\"tmdivi-arrow\"><\/div>\n                            <div class=\"tmdivi-content\">\n                                <div class=\"tmdivi-title\">ESLYn perustaminen<\/div><div class=\"tmdivi-description\">Soome-Eesti Kaubanduskoda ehk FECC kandis kuni 2007 a. kevadeni nime Eesti-Soome \u00c4rijuhtide \u00dching (Eestil\u00e4is-Suomalainen Liikkeenjohdon Yhdistys \u2013 ESLY). ESLY ajalugu ulatub 1992.a. l\u00f5ppu, mil r\u00fchm Eesti taasiseseisvuse alguses siia saabunud Soome ettev\u00f5tjaid ja juhte asutasid\u00a0Reima Teerikangase\u00a0eestvedamisel v\u00e4ikese vestlusringi.<\/div>\n                            <\/div>\n                    <\/div>\n\t\t\t\t<\/div>\n\t\t\t<\/div><div class=\"et_pb_module tmdivi_timeline_story tmdivi_timeline_story_1\">\n\t\t\t\t\n\t\t\t\t\n\t\t\t\t\n\t\t\t\t\n\t\t\t\t\n\t\t\t\t\n\t\t\t\t<div class=\"et_pb_module_inner\">\n\t\t\t\t\t<div class=\"tmdivi-story tmdivi-story-icon tmdivi-story-left\">\n                        <div class=\"tmdivi-labels\"><div class=\"tmdivi-label-big\">&#8221;1994<\/div><\/div><div class=\"tmdivi-icondot\"><\/div>\n                        <div class=\"tmdivi-arrow\"><\/div>\n                            <div class=\"tmdivi-content\">\n                                <div class=\"tmdivi-title\">&#8221;ESLY<\/div>\n                            <\/div>\n                    <\/div>\n\t\t\t\t<\/div>\n\t\t\t<\/div><\/p>","protected":false},"author":3,"featured_media":0,"parent":0,"menu_order":0,"comment_status":"closed","ping_status":"closed","template":"","meta":{"_et_pb_use_builder":"on","_et_pb_old_content":"","_et_gb_content_width":"","footnotes":""},"class_list":["post-719","page","type-page","status-publish","hentry"],"_links":{"self":[{"href":"https:\/\/fecc.ee\/fi\/wp-json\/wp\/v2\/pages\/719","targetHints":{"allow":["GET"]}}],"collection":[{"href":"https:\/\/fecc.ee\/fi\/wp-json\/wp\/v2\/pages"}],"about":[{"href":"https:\/\/fecc.ee\/fi\/wp-json\/wp\/v2\/types\/page"}],"author":[{"embeddable":true,"href":"https:\/\/fecc.ee\/fi\/wp-json\/wp\/v2\/users\/3"}],"replies":[{"embeddable":true,"href":"https:\/\/fecc.ee\/fi\/wp-json\/wp\/v2\/comments?post=719"}],"version-history":[{"count":18,"href":"https:\/\/fecc.ee\/fi\/wp-json\/wp\/v2\/pages\/719\/revisions"}],"predecessor-version":[{"id":25053,"href":"https:\/\/fecc.ee\/fi\/wp-json\/wp\/v2\/pages\/719\/revisions\/25053"}],"wp:attachment":[{"href":"https:\/\/fecc.ee\/fi\/wp-json\/wp\/v2\/media?parent=719"}],"curies":[{"name":"wp","href":"https:\/\/api.w.org\/{rel}","templated":true}]}}